{"id":10300,"date":"2020-07-14T14:25:32","date_gmt":"2020-07-14T14:25:32","guid":{"rendered":"https:\/\/www.sahm-splice.com\/?page_id=10300"},"modified":"2021-10-12T20:33:08","modified_gmt":"2021-10-12T18:33:08","slug":"service","status":"publish","type":"page","link":"https:\/\/www.sahm-splice.com\/de\/service\/","title":{"rendered":"Service"},"content":{"rendered":"<h1>Sicherheit, Zuverl\u00e4ssigkeit, Effizienz.<\/h1>\n<div>\n<div>\n<blockquote >\n<p>Unser Service deckt die Bed\u00fcrfnisse Ihres kompletten Produktionsablaufs ab. Von der Installation neuer Maschinen bis zur Wartung und Support. Unser erfahrenes Team unterst\u00fctzt Sie mit professionellen Servicel\u00f6sungen.<\/p>\n<footer class=\"el-footer\">\n <cite class=\"el-author\">Arne Niemann, SAHM SPLICE, Gesch\u00e4ftsf\u00fchrer<\/cite><\/p>\n<\/footer>\n<\/blockquote>\n<\/div>\n<\/div>\n<div>\n<p>        <img decoding=\"async\" src=\"\/wp-content\/uploads\/sahm-splice-service-training.jpg\" alt=\"mechanical splicing of wire ropes\"><\/p>\n<div> <\/div>\n<\/div>\n<h2>Training<\/h2>\n<div>Wir m\u00f6chten, dass unsere Kunden den Normstandard erf\u00fcllen und bieten deshalb LEEA akkreditierte Schulungen f\u00fcr das korrekte mechanische Splei\u00dfen von Drahtseilen nach <span class=\"uk-text-truncate\">EN 13411-3,<\/span> sowie die vorbeugende Wartung von Seilklemmenpressen, Trennmaschinen und Zugpr\u00fcfmaschinen, um einen reibungslosen Ablauf in Ihrem Betrieb zu gew\u00e4hrleisten.<\/div>\n<div>\n<p>        <img decoding=\"async\" src=\"\/wp-content\/uploads\/machine-calibration-service.jpg\" alt=\"calibration service\"><\/p>\n<div> <\/div>\n<\/div>\n<h2>Kalibrierung<\/h2>\n<div>Wir bieten einen weltweiten Kalibrierungsservice mit unseren nach  <span class=\"uk-text-truncate\">EN ISO 376<\/span> zertifizierten Ger\u00e4ten. Mit unseren hochgenauen Messzellen sind wir in der Lage, Ihre Zugpr\u00fcfmaschinen bis Klasse 0,5 im Bereich bis 600 t Kapazit\u00e4t nach den Vorschriften der <span class=\"uk-text-truncate\">EN ISO 7500-1<\/span> zu kalibrieren.<\/div>\n<div>\n<p>        <img decoding=\"async\" src=\"\/wp-content\/uploads\/90t-seilklemmenpresse-generalueberholung.jpg\" alt=\"General\u00fcberholung \/ Modernisierung\"><\/p>\n<div> <\/div>\n<\/div>\n<h2>General\u00fcberholung \/ Modernisierung<\/h2>\n<div>Hat Ihre Seilklemmenpresse, Trennmaschine oder Zugpr\u00fcfmaschine schon bessere Tage gesehen und denken Sie \u00fcber eine Neuanschaffung nach? Eine wirtschaftlich tragf\u00e4hige Alternative kann eine General\u00fcberholung oder Modernisierung Ihrer vorhandenen Maschine sein.<\/div>\n<div>\n<p>        <img decoding=\"async\" src=\"\/wp-content\/uploads\/sahm-splice-service-repair.jpg\" alt=\"repair of splicing machines\"><\/p>\n<div> <\/div>\n<\/div>\n<h2>Reparatur<\/h2>\n<div>Wir verf\u00fcgen an unseren Standorten in Deutschland und Gro\u00dfbritannien \u00fcber gut ausgestattete Werkst\u00e4tten f\u00fcr alle Arten von Instandsetzungen. Wir f\u00fchren auch Reparaturen vor Ort durch oder bieten Mietmaschinen w\u00e4hrend der Reparaturzeit an.<\/div>\n<div>\n<p>        <img decoding=\"async\" src=\"\/wp-content\/uploads\/sahm-splice-service-spare-parts.jpg\" alt=\"spare parts\"><\/p>\n<div> <\/div>\n<\/div>\n<h2>Ersatzteile<\/h2>\n<div>\n<p>SAHM SPLICE Originalersatzteile sind erprobt und werden nach unseren Vorgaben gefertigt.  Ein gro\u00dfer Lagerbestand sorgt f\u00fcr eine hohe Verf\u00fcgbarkeit. Unser Service bietet Ersatz- und Verschlei\u00dfteile f\u00fcr alte und neue Maschinen. Unsere technische Abteilung steht Ihnen mit Kompetenz und Erfahrung f\u00fcr die Auswahl und Beratung zur Verf\u00fcgung.<\/p>\n<\/div>\n<div>\n<p>        <img decoding=\"async\" src=\"\/wp-content\/uploads\/sahm-splice-service-car-hafen.jpg\" alt=\"SAHM SPLICE Service car\"><\/p>\n<div> <\/div>\n<\/div>\n<h2>Service<\/h2>\n<div>Wir beraten Sie gerne vor Ort um Ihre Mitarbeiter bei den t\u00e4glichen Herausforderungen zu unterst\u00fctzen.<\/div>\n<p><!--more--><br \/>\n<!-- {\"name\":\"\",\"type\":\"layout\",\"children\":[{\"name\":\"Hero\",\"type\":\"section\",\"props\":{\"style\":\"secondary\",\"width\":\"\",\"vertical_align\":\"middle\",\"title_position\":\"top-left\",\"title_rotation\":\"left\",\"title_breakpoint\":\"xl\",\"image_position\":\"center-center\",\"padding\":\"xlarge\",\"header_transparent\":\"light\",\"header_transparent_noplaceholder\":true,\"image\":\"wp-content\\\/uploads\\\/sahm-splice-service-header-2-1.jpg\",\"media_blend_mode\":\"multiply\",\"image_parallax_bgy_start\":\"-80\",\"image_parallax_bgy_end\":\"80\",\"image_width\":\"1560\",\"image_size\":\"cover\",\"media_overlay\":\"rgba(17, 17, 17, 0.66)\",\"image_parallax_breakpoint\":\"s\"},\"children\":[{\"name\":\"\",\"type\":\"row\",\"props\":{\"layout\":\"1-2,1-2\",\"vertical_align\":true,\"width\":\"large\",\"column_gap\":\"large\",\"row_gap\":\"large\"},\"children\":[{\"name\":\"\",\"type\":\"column\",\"props\":{\"image_position\":\"center-center\",\"image\":\"\",\"vertical_align\":\"middle\",\"media_overlay_gradient\":\"\",\"width_xlarge\":\"1-2\",\"width_medium\":\"1-2\"},\"children\":[{\"name\":\"\",\"type\":\"headline\",\"props\":{\"title_element\":\"h1\",\"content\":\"Sicherheit, Zuverl\\u00e4ssigkeit, Effizienz.\",\"title_style\":\"heading-medium\",\"text_align\":\"left\",\"text_align_breakpoint\":\"m\",\"animation\":\"none\",\"parallax_opacity_start\":\"1\",\"parallax_opacity_end\":\"0\",\"parallax_viewport\":\"0.9\",\"parallax_y_start\":\"0\",\"parallax_y_end\":\"-40\"}}]},{\"name\":\"\",\"type\":\"column\",\"props\":{\"image_position\":\"center-center\",\"vertical_align\":\"middle\",\"media_overlay_gradient\":\"\",\"width_xlarge\":\"1-2\",\"width_medium\":\"1-2\"},\"children\":[{\"name\":\"testimonial panel\",\"type\":\"panel\",\"props\":{\"link_text\":\"Read more\",\"title_element\":\"h3\",\"meta_style\":\"meta\",\"meta_align\":\"below-title\",\"image_align\":\"left\",\"image_grid_width\":\"1-4\",\"link_style\":\"default\",\"margin\":\"default\",\"image\":\"\",\"image_border\":\"circle\",\"content\":\"\n\n<blockquote >\\n\n\n<p>Unser Service deckt die Bed\\u00fcrfnisse Ihres kompletten Produktionsablaufs ab. Von der Installation neuer Maschinen bis zur Wartung und Support. Unser erfahrenes Team unterst\\u00fctzt Sie mit professionellen Servicel\\u00f6sungen.<\\\/p>\\n\n\n<footer class=\\\"el-footer\\\">\\n <cite class=\\\"el-author\\\">Arne Niemann, SAHM SPLICE, Gesch\\u00e4ftsf\\u00fchrer<\\\/cite>\\n            \\n        \\n    <\\\/footer>\\n    \\n<\\\/blockquote>\",\"image_vertical_align\":true,\"image_svg_color\":\"emphasis\",\"title_align\":\"top\",\"title_grid_width\":\"1-2\",\"title_hover_style\":\"reset\",\"title_grid_breakpoint\":\"m\",\"image_grid_column_gap\":\"large\",\"image_grid_row_gap\":\"large\",\"image_grid_breakpoint\":\"m\",\"icon_width\":80,\"meta_element\":\"div\",\"content_column_breakpoint\":\"m\"}}]}]}]},{\"name\":\"Training\",\"type\":\"section\",\"props\":{\"style\":\"default\",\"width\":\"xlarge\",\"vertical_align\":\"middle\",\"title_position\":\"top-left\",\"title_rotation\":\"left\",\"title_breakpoint\":\"xl\",\"image_position\":\"center-right\",\"padding_remove_top\":false,\"padding_remove_bottom\":false,\"padding\":\"large\",\"id\":\"training\",\"image\":\"\",\"image_parallax_bgy_start\":\"-120\",\"image_parallax_bgy_end\":\"120\",\"media_overlay\":null},\"children\":[{\"name\":\"\",\"type\":\"row\",\"props\":{\"layout\":\"1-2,1-2\",\"vertical_align\":false,\"margin\":\"remove-vertical\",\"class\":\"cstm-remove-horizontal-padding-on-tiles\",\"match\":false,\"column_gap\":\"large\",\"row_gap\":\"large\"},\"children\":[{\"name\":\"\",\"type\":\"column\",\"props\":{\"image_position\":\"center-center\",\"image\":\"\",\"image_size\":\"cover\",\"media_overlay_gradient\":\"\",\"width_medium\":\"1-2\",\"width_small\":\"1-2\"},\"children\":[{\"name\":\"\",\"type\":\"panel\",\"props\":{\"link_text\":\"\",\"title_element\":\"h3\",\"meta_style\":\"meta\",\"meta_align\":\"below-title\",\"image_align\":\"top\",\"image_grid_width\":\"1-2\",\"link_style\":\"default\",\"margin\":\"default\",\"image\":\"wp-content\\\/uploads\\\/sahm-splice-service-training.jpg\",\"content\":\" \",\"link\":\"\",\"image_width\":\"900\",\"image_height\":\"600\",\"class\":\"cstm-panel-content-hide\",\"image_svg_color\":\"emphasis\",\"title_align\":\"top\",\"title_grid_width\":\"1-2\",\"title_hover_style\":\"reset\",\"title_grid_breakpoint\":\"m\",\"image_grid_breakpoint\":\"m\",\"image_alt\":\"mechanical splicing of wire ropes\",\"title_link\":true,\"image_link\":true,\"icon_width\":80,\"meta_element\":\"div\",\"content_column_breakpoint\":\"m\"}}]},{\"name\":\"\",\"type\":\"column\",\"props\":{\"image_position\":\"top-right\",\"image\":\"\",\"padding\":\"none\",\"media_overlay_gradient\":\"\",\"vertical_align\":\"middle\",\"width_medium\":\"1-2\",\"width_small\":\"1-2\"},\"children\":[{\"type\":\"headline\",\"props\":{\"title_element\":\"h2\",\"title_style\":\"h1\",\"title_decoration\":\"line\",\"maxwidth\":\"xlarge\",\"maxwidth_breakpoint\":\"m\",\"block_align\":\"center\",\"block_align_breakpoint\":\"m\",\"content\":\"Training\"}},{\"type\":\"text\",\"props\":{\"margin\":\"default\",\"column_breakpoint\":\"m\",\"maxwidth\":\"xlarge\",\"maxwidth_breakpoint\":\"m\",\"block_align\":\"center\",\"block_align_breakpoint\":\"m\",\"content\":\"Wir m\\u00f6chten, dass unsere Kunden den Normstandard erf\\u00fcllen und bieten deshalb LEEA akkreditierte Schulungen f\\u00fcr das korrekte mechanische Splei\\u00dfen von Drahtseilen nach <span class=\\\"uk-text-truncate\\\">EN 13411-3,<\\\/span> sowie die vorbeugende Wartung von Seilklemmenpressen, Trennmaschinen und Zugpr\\u00fcfmaschinen, um einen reibungslosen Ablauf in Ihrem Betrieb zu gew\\u00e4hrleisten.\"}}]}]}]},{\"name\":\"Calibration\",\"type\":\"section\",\"props\":{\"style\":\"muted\",\"width\":\"xlarge\",\"vertical_align\":\"middle\",\"title_position\":\"top-left\",\"title_rotation\":\"left\",\"title_breakpoint\":\"xl\",\"image_position\":\"center-right\",\"padding_remove_top\":false,\"padding_remove_bottom\":false,\"padding\":\"large\",\"id\":\"calibration\",\"image\":\"\",\"image_parallax_bgy_start\":\"-120\",\"image_parallax_bgy_end\":\"120\",\"media_overlay\":null},\"children\":[{\"name\":\"\",\"type\":\"row\",\"props\":{\"layout\":\"1-2,1-2\",\"vertical_align\":false,\"margin\":\"remove-vertical\",\"class\":\"cstm-remove-horizontal-padding-on-tiles\",\"match\":false,\"column_gap\":\"large\",\"row_gap\":\"large\"},\"children\":[{\"name\":\"\",\"type\":\"column\",\"props\":{\"image_position\":\"center-center\",\"image\":\"\",\"image_size\":\"cover\",\"media_overlay_gradient\":\"\",\"width_medium\":\"1-2\",\"width_small\":\"1-2\"},\"children\":[{\"name\":\"\",\"type\":\"panel\",\"props\":{\"link_text\":\"\",\"title_element\":\"h3\",\"meta_style\":\"meta\",\"meta_align\":\"below-title\",\"image_align\":\"top\",\"image_grid_width\":\"1-2\",\"link_style\":\"default\",\"margin\":\"default\",\"image\":\"wp-content\\\/uploads\\\/machine-calibration-service.jpg\",\"content\":\" \",\"link\":\"\",\"image_width\":\"900\",\"image_height\":\"600\",\"class\":\"cstm-panel-content-hide\",\"image_svg_color\":\"emphasis\",\"title_align\":\"top\",\"title_grid_width\":\"1-2\",\"title_hover_style\":\"reset\",\"title_grid_breakpoint\":\"m\",\"image_grid_breakpoint\":\"m\",\"image_alt\":\"calibration service\",\"title_link\":true,\"image_link\":true,\"icon_width\":80,\"meta_element\":\"div\",\"content_column_breakpoint\":\"m\"}}]},{\"name\":\"\",\"type\":\"column\",\"props\":{\"image_position\":\"top-right\",\"image\":\"\",\"padding\":\"none\",\"media_overlay_gradient\":\"\",\"vertical_align\":\"middle\",\"width_medium\":\"1-2\",\"order_first\":\"m\",\"width_small\":\"1-2\"},\"children\":[{\"type\":\"headline\",\"props\":{\"title_element\":\"h2\",\"title_style\":\"h1\",\"title_decoration\":\"line\",\"maxwidth\":\"xlarge\",\"maxwidth_breakpoint\":\"m\",\"block_align\":\"center\",\"block_align_breakpoint\":\"m\",\"content\":\"Kalibrierung\"}},{\"type\":\"text\",\"props\":{\"margin\":\"default\",\"column_breakpoint\":\"m\",\"maxwidth\":\"xlarge\",\"maxwidth_breakpoint\":\"m\",\"block_align\":\"center\",\"block_align_breakpoint\":\"m\",\"content\":\"Wir bieten einen weltweiten Kalibrierungsservice mit unseren nach  <span class=\\\"uk-text-truncate\\\">EN ISO 376<\\\/span> zertifizierten Ger\\u00e4ten. Mit unseren hochgenauen Messzellen sind wir in der Lage, Ihre Zugpr\\u00fcfmaschinen bis Klasse 0,5 im Bereich bis 600 t Kapazit\\u00e4t nach den Vorschriften der <span class=\\\"uk-text-truncate\\\">EN ISO 7500-1<\\\/span> zu kalibrieren.\"}}]}]}]},{\"name\":\"refurbishment\",\"type\":\"section\",\"props\":{\"style\":\"default\",\"width\":\"xlarge\",\"vertical_align\":\"middle\",\"title_position\":\"top-left\",\"title_rotation\":\"left\",\"title_breakpoint\":\"xl\",\"image_position\":\"center-right\",\"padding_remove_top\":false,\"padding_remove_bottom\":false,\"padding\":\"large\",\"id\":\"refurbishment\",\"image\":\"\",\"image_parallax_bgy_start\":\"-120\",\"image_parallax_bgy_end\":\"120\",\"media_overlay\":null},\"children\":[{\"name\":\"\",\"type\":\"row\",\"props\":{\"layout\":\"1-2,1-2\",\"vertical_align\":false,\"margin\":\"remove-vertical\",\"class\":\"cstm-remove-horizontal-padding-on-tiles\",\"match\":false,\"column_gap\":\"large\",\"row_gap\":\"large\"},\"children\":[{\"name\":\"\",\"type\":\"column\",\"props\":{\"image_position\":\"center-center\",\"image\":\"\",\"image_size\":\"cover\",\"media_overlay_gradient\":\"\",\"width_medium\":\"1-2\",\"width_small\":\"1-2\"},\"children\":[{\"name\":\"\",\"type\":\"panel\",\"props\":{\"link_text\":\"\",\"title_element\":\"h3\",\"meta_style\":\"meta\",\"meta_align\":\"below-title\",\"image_align\":\"top\",\"image_grid_width\":\"1-2\",\"link_style\":\"default\",\"margin\":\"default\",\"image\":\"wp-content\\\/uploads\\\/90t-seilklemmenpresse-generalueberholung.jpg\",\"content\":\" \",\"link\":\"\",\"image_width\":\"900\",\"image_height\":\"670\",\"class\":\"cstm-panel-content-hide\",\"image_svg_color\":\"emphasis\",\"title_align\":\"top\",\"title_grid_width\":\"1-2\",\"title_hover_style\":\"reset\",\"title_grid_breakpoint\":\"m\",\"image_grid_breakpoint\":\"m\",\"image_alt\":\"General\\u00fcberholung \\\/ Modernisierung\",\"title_link\":true,\"image_link\":true,\"icon_width\":80,\"meta_element\":\"div\",\"content_column_breakpoint\":\"m\"}}]},{\"name\":\"\",\"type\":\"column\",\"props\":{\"image_position\":\"top-right\",\"image\":\"\",\"padding\":\"none\",\"media_overlay_gradient\":\"\",\"vertical_align\":\"middle\",\"width_medium\":\"1-2\",\"width_small\":\"1-2\"},\"children\":[{\"type\":\"headline\",\"props\":{\"title_element\":\"h2\",\"title_style\":\"h1\",\"title_decoration\":\"line\",\"maxwidth\":\"xlarge\",\"maxwidth_breakpoint\":\"m\",\"block_align\":\"center\",\"block_align_breakpoint\":\"m\",\"content\":\"General\\u00fcberholung \\\/ Modernisierung\"}},{\"type\":\"text\",\"props\":{\"margin\":\"default\",\"column_breakpoint\":\"m\",\"maxwidth\":\"xlarge\",\"maxwidth_breakpoint\":\"m\",\"block_align\":\"center\",\"block_align_breakpoint\":\"m\",\"content\":\"Hat Ihre Seilklemmenpresse, Trennmaschine oder Zugpr\\u00fcfmaschine schon bessere Tage gesehen und denken Sie \\u00fcber eine Neuanschaffung nach? Eine wirtschaftlich tragf\\u00e4hige Alternative kann eine General\\u00fcberholung oder Modernisierung Ihrer vorhandenen Maschine sein.\"}}]}]}]},{\"name\":\"Repair\",\"type\":\"section\",\"props\":{\"style\":\"muted\",\"width\":\"xlarge\",\"vertical_align\":\"middle\",\"title_position\":\"top-left\",\"title_rotation\":\"left\",\"title_breakpoint\":\"xl\",\"image_position\":\"center-right\",\"padding_remove_top\":false,\"padding_remove_bottom\":false,\"padding\":\"large\",\"id\":\"repair\",\"image\":\"\",\"image_parallax_bgy_start\":\"-120\",\"image_parallax_bgy_end\":\"120\",\"media_overlay\":null},\"children\":[{\"name\":\"\",\"type\":\"row\",\"props\":{\"layout\":\"1-2,1-2\",\"vertical_align\":false,\"margin\":\"remove-vertical\",\"class\":\"cstm-remove-horizontal-padding-on-tiles\",\"match\":false,\"column_gap\":\"large\",\"row_gap\":\"large\"},\"children\":[{\"name\":\"\",\"type\":\"column\",\"props\":{\"image_position\":\"center-center\",\"image\":\"\",\"image_size\":\"cover\",\"media_overlay_gradient\":\"\",\"width_medium\":\"1-2\",\"width_small\":\"1-2\"},\"children\":[{\"name\":\"\",\"type\":\"panel\",\"props\":{\"link_text\":\"\",\"title_element\":\"h3\",\"meta_style\":\"meta\",\"meta_align\":\"below-title\",\"image_align\":\"top\",\"image_grid_width\":\"1-2\",\"link_style\":\"default\",\"margin\":\"default\",\"image\":\"wp-content\\\/uploads\\\/sahm-splice-service-repair.jpg\",\"content\":\" \",\"link\":\"\",\"image_width\":\"900\",\"image_height\":\"600\",\"class\":\"cstm-panel-content-hide\",\"image_svg_color\":\"emphasis\",\"title_align\":\"top\",\"title_grid_width\":\"1-2\",\"title_hover_style\":\"reset\",\"title_grid_breakpoint\":\"m\",\"image_grid_breakpoint\":\"m\",\"image_alt\":\"repair of splicing machines\",\"title_link\":true,\"image_link\":true,\"icon_width\":80,\"meta_element\":\"div\",\"content_column_breakpoint\":\"m\"}}]},{\"name\":\"\",\"type\":\"column\",\"props\":{\"image_position\":\"top-right\",\"image\":\"\",\"padding\":\"none\",\"media_overlay_gradient\":\"\",\"vertical_align\":\"middle\",\"width_medium\":\"1-2\",\"order_first\":\"m\",\"width_small\":\"1-2\"},\"children\":[{\"type\":\"headline\",\"props\":{\"title_element\":\"h2\",\"title_style\":\"h1\",\"title_decoration\":\"line\",\"maxwidth\":\"xlarge\",\"maxwidth_breakpoint\":\"m\",\"block_align\":\"center\",\"block_align_breakpoint\":\"m\",\"content\":\"Reparatur\"}},{\"type\":\"text\",\"props\":{\"margin\":\"default\",\"column_breakpoint\":\"m\",\"maxwidth\":\"xlarge\",\"maxwidth_breakpoint\":\"m\",\"block_align\":\"center\",\"block_align_breakpoint\":\"m\",\"content\":\"Wir verf\\u00fcgen an unseren Standorten in Deutschland und Gro\\u00dfbritannien \\u00fcber gut ausgestattete Werkst\\u00e4tten f\\u00fcr alle Arten von Instandsetzungen. Wir f\\u00fchren auch Reparaturen vor Ort durch oder bieten Mietmaschinen w\\u00e4hrend der Reparaturzeit an.\"}}]}]}]},{\"name\":\"Spare Parts\",\"type\":\"section\",\"props\":{\"style\":\"default\",\"width\":\"xlarge\",\"vertical_align\":\"middle\",\"title_position\":\"top-left\",\"title_rotation\":\"left\",\"title_breakpoint\":\"xl\",\"image_position\":\"center-right\",\"padding_remove_top\":false,\"padding_remove_bottom\":false,\"padding\":\"large\",\"id\":\"spare-parts\",\"image\":\"\",\"image_parallax_bgy_start\":\"-120\",\"image_parallax_bgy_end\":\"120\",\"media_overlay\":null},\"children\":[{\"name\":\"\",\"type\":\"row\",\"props\":{\"layout\":\"1-2,1-2\",\"vertical_align\":false,\"margin\":\"remove-vertical\",\"class\":\"cstm-remove-horizontal-padding-on-tiles\",\"match\":false,\"column_gap\":\"large\",\"row_gap\":\"large\"},\"children\":[{\"name\":\"\",\"type\":\"column\",\"props\":{\"image_position\":\"center-center\",\"image\":\"\",\"image_size\":\"cover\",\"media_overlay_gradient\":\"\",\"width_medium\":\"1-2\",\"width_small\":\"1-2\"},\"children\":[{\"name\":\"\",\"type\":\"panel\",\"props\":{\"link_text\":\"\",\"title_element\":\"h3\",\"meta_style\":\"meta\",\"meta_align\":\"below-title\",\"image_align\":\"top\",\"image_grid_width\":\"1-2\",\"link_style\":\"default\",\"margin\":\"default\",\"image\":\"wp-content\\\/uploads\\\/sahm-splice-service-spare-parts.jpg\",\"content\":\" \",\"link\":\"\",\"image_width\":\"900\",\"image_height\":\"600\",\"class\":\"cstm-panel-content-hide\",\"image_svg_color\":\"emphasis\",\"title_align\":\"top\",\"title_grid_width\":\"1-2\",\"title_hover_style\":\"reset\",\"title_grid_breakpoint\":\"m\",\"image_grid_breakpoint\":\"m\",\"image_alt\":\"spare parts\",\"title_link\":true,\"image_link\":true,\"icon_width\":80,\"meta_element\":\"div\",\"content_column_breakpoint\":\"m\"}}]},{\"name\":\"\",\"type\":\"column\",\"props\":{\"image_position\":\"top-right\",\"image\":\"\",\"padding\":\"none\",\"media_overlay_gradient\":\"\",\"vertical_align\":\"middle\",\"width_medium\":\"1-2\",\"width_small\":\"1-2\"},\"children\":[{\"type\":\"headline\",\"props\":{\"title_element\":\"h2\",\"title_style\":\"h1\",\"title_decoration\":\"line\",\"maxwidth\":\"xlarge\",\"maxwidth_breakpoint\":\"m\",\"block_align\":\"center\",\"block_align_breakpoint\":\"m\",\"content\":\"Ersatzteile\"}},{\"type\":\"text\",\"props\":{\"margin\":\"default\",\"column_breakpoint\":\"m\",\"maxwidth\":\"xlarge\",\"maxwidth_breakpoint\":\"m\",\"block_align\":\"center\",\"block_align_breakpoint\":\"m\",\"content\":\"\n\n<p>SAHM SPLICE Originalersatzteile sind erprobt und werden nach unseren Vorgaben gefertigt.  Ein gro\\u00dfer Lagerbestand sorgt f\\u00fcr eine hohe Verf\\u00fcgbarkeit. Unser Service bietet Ersatz- und Verschlei\\u00dfteile f\\u00fcr alte und neue Maschinen. Unsere technische Abteilung steht Ihnen mit Kompetenz und Erfahrung f\\u00fcr die Auswahl und Beratung zur Verf\\u00fcgung.<\\\/p>\"}}]}]}]},{\"name\":\"Service\",\"type\":\"section\",\"props\":{\"style\":\"muted\",\"width\":\"xlarge\",\"vertical_align\":\"middle\",\"title_position\":\"top-left\",\"title_rotation\":\"left\",\"title_breakpoint\":\"xl\",\"image_position\":\"center-right\",\"padding_remove_top\":false,\"padding_remove_bottom\":false,\"padding\":\"large\",\"id\":\"service\",\"image\":\"\",\"image_parallax_bgy_start\":\"-120\",\"image_parallax_bgy_end\":\"120\",\"media_overlay\":null},\"children\":[{\"name\":\"\",\"type\":\"row\",\"props\":{\"layout\":\"1-2,1-2\",\"vertical_align\":false,\"margin\":\"remove-vertical\",\"class\":\"cstm-remove-horizontal-padding-on-tiles\",\"match\":false,\"column_gap\":\"large\",\"row_gap\":\"large\"},\"children\":[{\"name\":\"\",\"type\":\"column\",\"props\":{\"image_position\":\"center-center\",\"image\":\"\",\"image_size\":\"cover\",\"media_overlay_gradient\":\"\",\"width_medium\":\"1-2\",\"width_small\":\"1-2\"},\"children\":[{\"name\":\"\",\"type\":\"panel\",\"props\":{\"link_text\":\"\",\"title_element\":\"h3\",\"meta_style\":\"meta\",\"meta_align\":\"below-title\",\"image_align\":\"top\",\"image_grid_width\":\"1-2\",\"link_style\":\"default\",\"margin\":\"default\",\"image\":\"wp-content\\\/uploads\\\/sahm-splice-service-car-hafen.jpg\",\"content\":\" \",\"link\":\"\",\"image_width\":\"900\",\"image_height\":\"600\",\"class\":\"cstm-panel-content-hide\",\"image_svg_color\":\"emphasis\",\"title_align\":\"top\",\"title_grid_width\":\"1-2\",\"title_hover_style\":\"reset\",\"title_grid_breakpoint\":\"m\",\"image_grid_breakpoint\":\"m\",\"image_alt\":\"SAHM SPLICE Service car\",\"title_link\":true,\"image_link\":true,\"icon_width\":80,\"meta_element\":\"div\",\"content_column_breakpoint\":\"m\"}}]},{\"name\":\"\",\"type\":\"column\",\"props\":{\"image_position\":\"top-right\",\"image\":\"\",\"padding\":\"none\",\"media_overlay_gradient\":\"\",\"vertical_align\":\"middle\",\"width_medium\":\"1-2\",\"order_first\":\"m\",\"width_small\":\"1-2\"},\"children\":[{\"type\":\"headline\",\"props\":{\"title_element\":\"h2\",\"title_style\":\"h1\",\"title_decoration\":\"line\",\"maxwidth\":\"xlarge\",\"maxwidth_breakpoint\":\"m\",\"block_align\":\"center\",\"block_align_breakpoint\":\"m\",\"content\":\"Service\"}},{\"type\":\"text\",\"props\":{\"margin\":\"default\",\"column_breakpoint\":\"m\",\"maxwidth\":\"xlarge\",\"maxwidth_breakpoint\":\"m\",\"block_align\":\"center\",\"block_align_breakpoint\":\"m\",\"content\":\"Wir beraten Sie gerne vor Ort um Ihre Mitarbeiter bei den t\\u00e4glichen Herausforderungen zu unterst\\u00fctzen.\"}}]}]}]}],\"version\":\"2.6.5\"} --><\/p>\n","protected":false},"excerpt":{"rendered":"<p>Sicherheit, Zuverl\u00e4ssigkeit, Effizienz. Unser Service deckt die Bed\u00fcrfnisse Ihres kompletten Produktionsablaufs ab. Von der Installation neuer Maschinen bis zur Wartung und Support. Unser erfahrenes Team unterst\u00fctzt Sie mit professionellen Servicel\u00f6sungen. Arne Niemann, SAHM SPLICE, Gesch\u00e4ftsf\u00fchrer Training Wir m\u00f6chten, dass unsere Kunden den Normstandard erf\u00fcllen und bieten deshalb LEEA akkreditierte Schulungen f\u00fcr das korrekte mechanische Splei\u00dfen [&hellip;]<\/p>\n","protected":false},"author":1,"featured_media":0,"parent":0,"menu_order":14,"comment_status":"closed","ping_status":"open","template":"","meta":{"footnotes":""},"class_list":["post-10300","page","type-page","status-publish","hentry"],"_links":{"self":[{"href":"https:\/\/www.sahm-splice.com\/de\/wp-json\/wp\/v2\/pages\/10300","targetHints":{"allow":["GET"]}}],"collection":[{"href":"https:\/\/www.sahm-splice.com\/de\/wp-json\/wp\/v2\/pages"}],"about":[{"href":"https:\/\/www.sahm-splice.com\/de\/wp-json\/wp\/v2\/types\/page"}],"author":[{"embeddable":true,"href":"https:\/\/www.sahm-splice.com\/de\/wp-json\/wp\/v2\/users\/1"}],"replies":[{"embeddable":true,"href":"https:\/\/www.sahm-splice.com\/de\/wp-json\/wp\/v2\/comments?post=10300"}],"version-history":[{"count":0,"href":"https:\/\/www.sahm-splice.com\/de\/wp-json\/wp\/v2\/pages\/10300\/revisions"}],"wp:attachment":[{"href":"https:\/\/www.sahm-splice.com\/de\/wp-json\/wp\/v2\/media?parent=10300"}],"curies":[{"name":"wp","href":"https:\/\/api.w.org\/{rel}","templated":true}]}}