{"id":10943,"date":"2018-04-25T16:43:03","date_gmt":"2020-07-20T14:17:55","guid":{"rendered":"https:\/\/www.sahm-splice.com\/?post_type=product&#038;p=10943"},"modified":"2025-06-10T14:03:01","modified_gmt":"2025-06-10T12:03:01","slug":"rigging-arm-fuer-drahtseile","status":"publish","type":"product","link":"https:\/\/www.sahm-splice.com\/de\/produkte\/seilklemmenpressen\/rigging-arm-fuer-drahtseile\/","title":{"rendered":"Rigging Arm f\u00fcr Drahtseile"},"content":{"rendered":"","protected":false},"excerpt":{"rendered":"<p>Unsere Rigging Arms RA-1250, RA-2000 &amp; RA-4000 dienen als Hilfsmittel f\u00fcr den Bediener, um leicht und ohne Kraftaufwand r\u00fcckgebogene Drahtseilschlaufen mit oder ohne Kausche herzustellen.<\/p>\n<p>Dabei ist der Rigging Arm in zwei wesentliche Bestandteile aufgeteilt: Die Dreheinheit, um das Drahtseil r\u00fcckzubiegen und die Zugeinheit um die Gr\u00f6\u00dfe der Schlaufe einzustellen. Durch ergonomisch angeordnete Joysticks ist der Rigging Arm intuitiv zu bedienen und so kann auch von einer einzelnen Person ein gro\u00dfes Anschlagseil sicher hergestellt werden.<\/p>\n<div class=\"uk-h3\">Einfach und sicher zu bedienen:<\/div>\n<ul class=\"uk-list uk-list-bullet\">\n<li>Das Totseilende ist sicher eingespannt<\/li>\n<li>Kr\u00e4ftige Dreh- und Zugeinheit<\/li>\n<li>Einfache Bedienung mit Joy Sticks<\/li>\n<\/ul>\n<div class=\"uk-h3\">Effizient:<\/div>\n<ul class=\"uk-list uk-list-bullet\">\n<li>Geringer Personalaufwand<\/li>\n<li>Schnelle Herstellung von gro\u00dfen Anschlagseilen<\/li>\n<\/ul>\n","protected":false},"featured_media":13111,"template":"","meta":{"wds_primary_product_brand":0,"wds_primary_product_cat":312},"product_brand":[],"product_cat":[312],"product_tag":[],"class_list":{"0":"post-10943","1":"product","2":"type-product","3":"status-publish","4":"has-post-thumbnail","6":"product_cat-seilklemmenpressen","8":"first","9":"instock","10":"shipping-taxable","11":"product-type-simple"},"_links":{"self":[{"href":"https:\/\/www.sahm-splice.com\/de\/wp-json\/wp\/v2\/product\/10943","targetHints":{"allow":["GET"]}}],"collection":[{"href":"https:\/\/www.sahm-splice.com\/de\/wp-json\/wp\/v2\/product"}],"about":[{"href":"https:\/\/www.sahm-splice.com\/de\/wp-json\/wp\/v2\/types\/product"}],"wp:featuredmedia":[{"embeddable":true,"href":"https:\/\/www.sahm-splice.com\/de\/wp-json\/wp\/v2\/media\/13111"}],"wp:attachment":[{"href":"https:\/\/www.sahm-splice.com\/de\/wp-json\/wp\/v2\/media?parent=10943"}],"wp:term":[{"taxonomy":"product_brand","embeddable":true,"href":"https:\/\/www.sahm-splice.com\/de\/wp-json\/wp\/v2\/product_brand?post=10943"},{"taxonomy":"product_cat","embeddable":true,"href":"https:\/\/www.sahm-splice.com\/de\/wp-json\/wp\/v2\/product_cat?post=10943"},{"taxonomy":"product_tag","embeddable":true,"href":"https:\/\/www.sahm-splice.com\/de\/wp-json\/wp\/v2\/product_tag?post=10943"}],"curies":[{"name":"wp","href":"https:\/\/api.w.org\/{rel}","templated":true}]}}