{"id":10949,"date":"2018-03-21T15:30:33","date_gmt":"2020-07-20T14:29:14","guid":{"rendered":"https:\/\/www.sahm-splice.com\/?post_type=product&#038;p=10949"},"modified":"2025-06-10T14:03:07","modified_gmt":"2025-06-10T12:03:07","slug":"zen-13411-3-pressklemmen","status":"publish","type":"product","link":"https:\/\/www.sahm-splice.com\/de\/produkte\/pressklemmen\/aluminium\/zen-13411-3-pressklemmen\/","title":{"rendered":"ZEN\u00ae 13411-3 Pressklemmen"},"content":{"rendered":"","protected":false},"excerpt":{"rendered":"<p>Aluminium Pressklemmen nach DIN EN 13411-3 f\u00fcr Anschlagseile nach DIN EN 13414 \u2013 1.<\/p>\n<ul class=\"uk-list uk-list-bullet\">\n<li>F\u00fcr Drahtseile mit einer max. Nennfestigkeit von 1960 N\/mm<sup>2<\/sup><\/li>\n<li>Geeignet f\u00fcr Stahldrahtseile nach EN 12385 \u2013 4<\/li>\n<li>Gefertigt aus nahtlosen Rohren gem. DIN EN 13411 &#8211; 3<\/li>\n<li>Lieferbar in den Gr\u00f6\u00dfen 2,5 &#8211; 60<\/li>\n<li>Au\u00dferhalb der Norm in den Gr\u00f6\u00dfen 1,0 \u2013 2,0<\/li>\n<li>Verarbeitung mit unseren\u00a0<a href=\"https:\/\/www.sahm-splice.com\/de\/produkte\/werkzeuge-zubehoer\/pressbacken\/zylindrisch\/\">Pressbacken &#8222;Zylindrisch&#8220;<\/a>\u00a0mit Schneidekanten (Form A) oder <a href=\"https:\/\/www.sahm-splice.com\/de\/produkte\/werkzeuge-zubehoer\/pressbacken\/abgerundet\/\">Pressbacken &#8222;Abgerundet&#8220;<\/a> (Form B)<\/li>\n<\/ul>\n","protected":false},"featured_media":12719,"template":"","meta":{"wds_primary_product_brand":0,"wds_primary_product_cat":308},"product_brand":[],"product_cat":[308],"product_tag":[],"class_list":{"0":"post-10949","1":"product","2":"type-product","3":"status-publish","4":"has-post-thumbnail","6":"product_cat-aluminium","8":"first","9":"instock","10":"shipping-taxable","11":"product-type-simple"},"_links":{"self":[{"href":"https:\/\/www.sahm-splice.com\/de\/wp-json\/wp\/v2\/product\/10949","targetHints":{"allow":["GET"]}}],"collection":[{"href":"https:\/\/www.sahm-splice.com\/de\/wp-json\/wp\/v2\/product"}],"about":[{"href":"https:\/\/www.sahm-splice.com\/de\/wp-json\/wp\/v2\/types\/product"}],"wp:featuredmedia":[{"embeddable":true,"href":"https:\/\/www.sahm-splice.com\/de\/wp-json\/wp\/v2\/media\/12719"}],"wp:attachment":[{"href":"https:\/\/www.sahm-splice.com\/de\/wp-json\/wp\/v2\/media?parent=10949"}],"wp:term":[{"taxonomy":"product_brand","embeddable":true,"href":"https:\/\/www.sahm-splice.com\/de\/wp-json\/wp\/v2\/product_brand?post=10949"},{"taxonomy":"product_cat","embeddable":true,"href":"https:\/\/www.sahm-splice.com\/de\/wp-json\/wp\/v2\/product_cat?post=10949"},{"taxonomy":"product_tag","embeddable":true,"href":"https:\/\/www.sahm-splice.com\/de\/wp-json\/wp\/v2\/product_tag?post=10949"}],"curies":[{"name":"wp","href":"https:\/\/api.w.org\/{rel}","templated":true}]}}