{"id":10964,"date":"2020-04-27T14:52:49","date_gmt":"2020-07-20T14:37:25","guid":{"rendered":"https:\/\/www.sahm-splice.com\/?post_type=product&#038;p=10964"},"modified":"2025-06-10T14:03:22","modified_gmt":"2025-06-10T12:03:22","slug":"zubehoer-optionen","status":"publish","type":"product","link":"https:\/\/www.sahm-splice.com\/de\/produkte\/zugpruefmaschinen\/zubehoer-optionen\/","title":{"rendered":"Zubeh\u00f6r &#038; Optionen"},"content":{"rendered":"","protected":false},"excerpt":{"rendered":"<p>F\u00fcr unsere Zugpr\u00fcfmaschinen bieten wir verschiedenste Optionen an:<\/p>\n<ul class=\"uk-list uk-list-bullet\">\n<li>Zus\u00e4tzlicher kleiner Pr\u00fcfzylinder<\/li>\n<li>Hydraulisch bet\u00e4tigte Schutzgitter<\/li>\n<li>RFID \/ Barcode Scanner f\u00fcr automatische Testeinstellungen<\/li>\n<li>Mechanische Einspannvorrichtungen f\u00fcr Drahtseile, Faserseile, Ketten und Gurtb\u00e4nder (z.B. &#8222;Wedgebox&#8220;, Kabeltrommel etc.)<\/li>\n<li>TCLL \/ MEG4 und andere spezielle Testprogramme<\/li>\n<li>Hochaufl\u00f6sende optische Extensometer zur exakten Dehnungsmessung<\/li>\n<li>Fernwartung<\/li>\n<li>Videokamera zum Aufzeichnen der Pr\u00fcfung<\/li>\n<li>Verschiedene Steuerungseinheiten<\/li>\n<li>Kalibrierservice<\/li>\n<\/ul>\n<p><span class=\"uk-text-bold uk-text-primary\">Ist die passende Option nicht dabei? Kontaktieren Sie uns!<\/span><\/p>\n","protected":false},"featured_media":12657,"template":"","meta":{"wds_primary_product_brand":0,"wds_primary_product_cat":313},"product_brand":[],"product_cat":[313],"product_tag":[],"class_list":{"0":"post-10964","1":"product","2":"type-product","3":"status-publish","4":"has-post-thumbnail","6":"product_cat-zugpruefmaschinen","8":"first","9":"instock","10":"shipping-taxable","11":"product-type-simple"},"_links":{"self":[{"href":"https:\/\/www.sahm-splice.com\/de\/wp-json\/wp\/v2\/product\/10964","targetHints":{"allow":["GET"]}}],"collection":[{"href":"https:\/\/www.sahm-splice.com\/de\/wp-json\/wp\/v2\/product"}],"about":[{"href":"https:\/\/www.sahm-splice.com\/de\/wp-json\/wp\/v2\/types\/product"}],"wp:featuredmedia":[{"embeddable":true,"href":"https:\/\/www.sahm-splice.com\/de\/wp-json\/wp\/v2\/media\/12657"}],"wp:attachment":[{"href":"https:\/\/www.sahm-splice.com\/de\/wp-json\/wp\/v2\/media?parent=10964"}],"wp:term":[{"taxonomy":"product_brand","embeddable":true,"href":"https:\/\/www.sahm-splice.com\/de\/wp-json\/wp\/v2\/product_brand?post=10964"},{"taxonomy":"product_cat","embeddable":true,"href":"https:\/\/www.sahm-splice.com\/de\/wp-json\/wp\/v2\/product_cat?post=10964"},{"taxonomy":"product_tag","embeddable":true,"href":"https:\/\/www.sahm-splice.com\/de\/wp-json\/wp\/v2\/product_tag?post=10964"}],"curies":[{"name":"wp","href":"https:\/\/api.w.org\/{rel}","templated":true}]}}