{"id":10970,"date":"2018-04-26T12:34:37","date_gmt":"2020-07-20T14:40:40","guid":{"rendered":"https:\/\/www.sahm-splice.com\/?post_type=product&#038;p=10970"},"modified":"2025-06-10T14:03:28","modified_gmt":"2025-06-10T12:03:28","slug":"markierungssystem","status":"publish","type":"product","link":"https:\/\/www.sahm-splice.com\/de\/produkte\/werkzeuge-zubehoer\/markierungssystem\/markierungssystem\/","title":{"rendered":"Markierungssystem"},"content":{"rendered":"","protected":false},"excerpt":{"rendered":"<p>Unser Markierungssystem f\u00fcr verpresste Aluminiumklemmen ist BG-zugelassen und f\u00fcr eine permanente Markierung gem\u00e4\u00df <span class=\"uk-text-truncate\">EN 13414-1,<\/span> Abschnitt 7.1 geeignet.<\/p>\n<ul class=\"uk-list uk-list-bullet\">\n<li>Effiziente und kostensparende Art der Kennzeichnung<\/li>\n<li>Einfach in der Anwendung<\/li>\n<li>Dauerhafte Markierung mit Ihrem Kurzzeichen nach Norm<\/li>\n<li>Sonderausf\u00fchrung nach Kundenwunsch<\/li>\n<li>Lieferbar in den Gr\u00f6\u00dfen\u2028:<br \/>\nTyp 1: ZEN 8<br \/>\nTyp 2: ZEN 9-18<br \/>\nTyp 3: ZEN 20-60<\/li>\n<li>Fordern Sie ein kostenloses, nach Ihren Vorgaben markiertes Muster an<br \/>\n<img loading=\"lazy\" decoding=\"async\" src=\"\/wp-content\/uploads\/marking-system-ce-1.jpg\" alt=\"markierung-ce\" width=\"112\" height=\"55\" \/><\/li>\n<\/ul>\n","protected":false},"featured_media":12521,"template":"","meta":{"wds_primary_product_brand":0,"wds_primary_product_cat":317},"product_brand":[],"product_cat":[317],"product_tag":[],"class_list":{"0":"post-10970","1":"product","2":"type-product","3":"status-publish","4":"has-post-thumbnail","6":"product_cat-markierungssystem","8":"first","9":"instock","10":"shipping-taxable","11":"product-type-simple"},"_links":{"self":[{"href":"https:\/\/www.sahm-splice.com\/de\/wp-json\/wp\/v2\/product\/10970","targetHints":{"allow":["GET"]}}],"collection":[{"href":"https:\/\/www.sahm-splice.com\/de\/wp-json\/wp\/v2\/product"}],"about":[{"href":"https:\/\/www.sahm-splice.com\/de\/wp-json\/wp\/v2\/types\/product"}],"wp:featuredmedia":[{"embeddable":true,"href":"https:\/\/www.sahm-splice.com\/de\/wp-json\/wp\/v2\/media\/12521"}],"wp:attachment":[{"href":"https:\/\/www.sahm-splice.com\/de\/wp-json\/wp\/v2\/media?parent=10970"}],"wp:term":[{"taxonomy":"product_brand","embeddable":true,"href":"https:\/\/www.sahm-splice.com\/de\/wp-json\/wp\/v2\/product_brand?post=10970"},{"taxonomy":"product_cat","embeddable":true,"href":"https:\/\/www.sahm-splice.com\/de\/wp-json\/wp\/v2\/product_cat?post=10970"},{"taxonomy":"product_tag","embeddable":true,"href":"https:\/\/www.sahm-splice.com\/de\/wp-json\/wp\/v2\/product_tag?post=10970"}],"curies":[{"name":"wp","href":"https:\/\/api.w.org\/{rel}","templated":true}]}}