{"id":10973,"date":"2018-04-14T21:18:07","date_gmt":"2020-07-20T14:41:29","guid":{"rendered":"https:\/\/www.sahm-splice.com\/?post_type=product&#038;p=10973"},"modified":"2025-06-10T14:03:33","modified_gmt":"2025-06-10T12:03:33","slug":"flaemisch-auge-2","status":"publish","type":"product","link":"https:\/\/www.sahm-splice.com\/de\/produkte\/werkzeuge-zubehoer\/pressbacken\/flaemisch-auge-2\/","title":{"rendered":"Pressbacken &#8222;Fl\u00e4misch Auge&#8220;"},"content":{"rendered":"","protected":false},"excerpt":{"rendered":"<p>Unsere Pressbacken werden unter st\u00e4ndiger Qualit\u00e4tskontrolle aus hochwertigem Spezialstahl gefertigt. Die Pressmulden sind poliert und unterst\u00fctzen somit den guten Materialfluss der Pressklemme.<\/p>\n<ul class=\"uk-list uk-list-bullet\">\n<li>Lieferbar in allen Standardabmessungen sowie nach Ihren Vorgaben<\/li>\n<li>Durchgeh\u00e4rteter Werkzeugstahl<\/li>\n<li>Ohne Schneidekanten &#8211; Nur f\u00fcr <a href=\"https:\/\/www.sahm-splice.com\/de\/produkte\/pressklemmen\/stahl\/flaemisch-auge\/\">Stahl Pressklemmen Fl\u00e4misch Auge<\/a><\/li>\n<\/ul>\n<h2 class=\"uk-h4\">Bitte verwenden Sie unsere PDF-Vorlage um uns Ihre Anforderungen mitzuteilen:<\/h2>\n<ul class=\"uk-list uk-list-small\">\n<li>1. <a href=\"\/wp-content\/uploads\/SSG-PB-ORDER-FORM-2017.pdf\" target=\"_blank\" rel=\"noopener noreferrer\">PDF herunterladen<\/a><\/li>\n<li>2. Ausf\u00fcllen<\/li>\n<li>3. An uns senden<\/li>\n<\/ul>\n","protected":false},"featured_media":12325,"template":"","meta":{"wds_primary_product_brand":0,"wds_primary_product_cat":318},"product_brand":[],"product_cat":[318],"product_tag":[],"class_list":{"0":"post-10973","1":"product","2":"type-product","3":"status-publish","4":"has-post-thumbnail","6":"product_cat-pressbacken","8":"first","9":"instock","10":"shipping-taxable","11":"product-type-simple"},"_links":{"self":[{"href":"https:\/\/www.sahm-splice.com\/de\/wp-json\/wp\/v2\/product\/10973","targetHints":{"allow":["GET"]}}],"collection":[{"href":"https:\/\/www.sahm-splice.com\/de\/wp-json\/wp\/v2\/product"}],"about":[{"href":"https:\/\/www.sahm-splice.com\/de\/wp-json\/wp\/v2\/types\/product"}],"wp:featuredmedia":[{"embeddable":true,"href":"https:\/\/www.sahm-splice.com\/de\/wp-json\/wp\/v2\/media\/12325"}],"wp:attachment":[{"href":"https:\/\/www.sahm-splice.com\/de\/wp-json\/wp\/v2\/media?parent=10973"}],"wp:term":[{"taxonomy":"product_brand","embeddable":true,"href":"https:\/\/www.sahm-splice.com\/de\/wp-json\/wp\/v2\/product_brand?post=10973"},{"taxonomy":"product_cat","embeddable":true,"href":"https:\/\/www.sahm-splice.com\/de\/wp-json\/wp\/v2\/product_cat?post=10973"},{"taxonomy":"product_tag","embeddable":true,"href":"https:\/\/www.sahm-splice.com\/de\/wp-json\/wp\/v2\/product_tag?post=10973"}],"curies":[{"name":"wp","href":"https:\/\/api.w.org\/{rel}","templated":true}]}}