{"id":10976,"date":"2018-04-14T21:50:27","date_gmt":"2018-04-14T21:50:27","guid":{"rendered":"https:\/\/www.sahm-splice.com\/?post_type=product&#038;p=10976"},"modified":"2025-06-10T14:03:37","modified_gmt":"2025-06-10T12:03:37","slug":"nr7","status":"publish","type":"product","link":"https:\/\/www.sahm-splice.com\/de\/produkte\/werkzeuge-zubehoer\/drahtseilscheren\/nr7\/","title":{"rendered":"Drahtseilschere &#8222;Nr. 7&#8220;"},"content":{"rendered":"","protected":false},"excerpt":{"rendered":"<p>Die optimale Materialzusammensetzung f\u00fcr alle vorgefertigten Teile sowie die perfekte W\u00e4rmebehandlung garantieren Langlebigkeit und eine hervorragende Schnittqualit\u00e4t f\u00fcr alle Modelle. Drahtseile mit einem gr\u00f6\u00dferen Durchmesser als den genannten k\u00f6nnen auch geschnitten werden, indem die Litzen des Drahtseils mit einem Dorn getrennt werden. Das dreieckige Schneidsystem verhindert ein Quetschen des Seilendes.<\/p>\n<ul class=\"uk-list uk-list-bullet\">\n<li>Messer und Bolzen aus geh\u00e4rtetem Stahl<\/li>\n<li>Dreieck \u2013 Schnittsystem verhindert das Zerquetschen des Seiles<\/li>\n<li>Griffe aus geschmiedeter Aluminiumlegierung und mit Kunststoff\u00fcberzug<\/li>\n<\/ul>\n","protected":false},"featured_media":12333,"template":"","meta":{"wds_primary_product_brand":0,"wds_primary_product_cat":342},"product_brand":[],"product_cat":[342],"product_tag":[],"class_list":{"0":"post-10976","1":"product","2":"type-product","3":"status-publish","4":"has-post-thumbnail","6":"product_cat-drahtseilscheren","8":"first","9":"instock","10":"shipping-taxable","11":"product-type-simple"},"_links":{"self":[{"href":"https:\/\/www.sahm-splice.com\/de\/wp-json\/wp\/v2\/product\/10976","targetHints":{"allow":["GET"]}}],"collection":[{"href":"https:\/\/www.sahm-splice.com\/de\/wp-json\/wp\/v2\/product"}],"about":[{"href":"https:\/\/www.sahm-splice.com\/de\/wp-json\/wp\/v2\/types\/product"}],"wp:featuredmedia":[{"embeddable":true,"href":"https:\/\/www.sahm-splice.com\/de\/wp-json\/wp\/v2\/media\/12333"}],"wp:attachment":[{"href":"https:\/\/www.sahm-splice.com\/de\/wp-json\/wp\/v2\/media?parent=10976"}],"wp:term":[{"taxonomy":"product_brand","embeddable":true,"href":"https:\/\/www.sahm-splice.com\/de\/wp-json\/wp\/v2\/product_brand?post=10976"},{"taxonomy":"product_cat","embeddable":true,"href":"https:\/\/www.sahm-splice.com\/de\/wp-json\/wp\/v2\/product_cat?post=10976"},{"taxonomy":"product_tag","embeddable":true,"href":"https:\/\/www.sahm-splice.com\/de\/wp-json\/wp\/v2\/product_tag?post=10976"}],"curies":[{"name":"wp","href":"https:\/\/api.w.org\/{rel}","templated":true}]}}