{"id":11639,"date":"2020-08-03T09:41:43","date_gmt":"2020-08-03T09:41:43","guid":{"rendered":"https:\/\/www.sahm-splice.com\/?page_id=11639"},"modified":"2021-10-12T20:35:02","modified_gmt":"2021-10-12T18:35:02","slug":"services","status":"publish","type":"page","link":"https:\/\/www.sahm-splice.com\/fr\/services\/","title":{"rendered":"Services"},"content":{"rendered":"<h1>S\u00fbr, <br class=\"uk-visible@m\"\/>fiable, <br class=\"uk-visible@m\" \/>efficace.<\/h1>\n<div>\n<div>\n<blockquote>\n<p>Notre service couvre vos besoins tout au long du cycle de vie du produit. De l&rsquo;installation \u00e0 l&rsquo;exploitation quotidienne, en passant par la maintenance et l&rsquo;assistance. Notre \u00e9quipe exp\u00e9riment\u00e9e vous assistera avec des solutions de service professionnel.<\/p>\n<p>Arne Niemann, SAHM SPLICE, PDG<\/p>\n<\/blockquote>\n<\/div>\n<\/div>\n<div>\n<p>        <img decoding=\"async\" src=\"\/wp-content\/uploads\/sahm-splice-service-training.jpg\" alt=\"mechanical splicing of wire ropes\"><\/p>\n<div> <\/div>\n<\/div>\n<h2>Formation<\/h2>\n<div>\n<p>Nous voulons que nos clients respectent la norme et c&rsquo;est pourquoi nous proposons des cours de formation accr\u00e9dit\u00e9s par la LEEA pour le manchonnage m\u00e9canique correct des c\u00e2bles d&rsquo;acier selon la norme EN 13411-3, ainsi que pour le fonctionnement s\u00fbr et l&rsquo;entretien pr\u00e9ventif des presses \u00e0 manchonner, des bancs d&rsquo;essai et des machines de coupe.<\/p>\n<\/div>\n<div>\n<p>        <img decoding=\"async\" src=\"\/wp-content\/uploads\/machine-calibration-service.jpg\" alt=\"calibration service\"><\/p>\n<div> <\/div>\n<\/div>\n<h2>Etalonage<\/h2>\n<div>\n<p>Nous offrons un service d&rsquo;\u00e9talonnage dans le monde entier gr\u00e2ce \u00e0 notre \u00e9quipement certifi\u00e9 EN ISO 376. Gr\u00e2ce \u00e0 nos capteurs de force de haute pr\u00e9cision, nous sommes en mesure d&rsquo;\u00e9talonner vos machines d&rsquo;essai de traction jusqu&rsquo;\u00e0 la classe 0,5 dans la gamme de capacit\u00e9 allant jusqu&rsquo;\u00e0 600t, conform\u00e9ment aux r\u00e9glementations sp\u00e9cifi\u00e9es dans la norme EN ISO 7500-1.<\/p>\n<\/div>\n<div>\n<p>        <img decoding=\"async\" src=\"\/wp-content\/uploads\/mise-a-niveau-avant-apres.jpg\" alt=\"refurbishment &#038; upgrades for splicing machines\"><\/p>\n<div> <\/div>\n<\/div>\n<h2>Remise \u00e0 neuf\/ Mise \u00e0 niveau<\/h2>\n<div>\n<p>Votre banc d&rsquo;essai, votre machine \u00e0 appointer ou votre presse ont connu des jours meilleurs et vous envisagez d&rsquo;acheter un nouveau mod\u00e8le ? Une alternative \u00e9conomiquement viable pourrait \u00eatre de moderniser votre machine existante.<\/p>\n<\/div>\n<div>\n<p>        <img decoding=\"async\" src=\"\/wp-content\/uploads\/sahm-splice-service-repair.jpg\" alt=\"repair of splicing machines\"><\/p>\n<div> <\/div>\n<\/div>\n<h2>R\u00e9paration<\/h2>\n<div>\n<p>Dans nos usines en Allemagne et au Royaume-Uni, nous avons des d\u00e9partements de machines bien \u00e9quip\u00e9s pour toutes sortes de r\u00e9parations. Nous effectuons \u00e9galement des r\u00e9parations sur place et nous proposons m\u00eame des machines de location pendant la dur\u00e9e de la r\u00e9paration.<\/p>\n<\/div>\n<div>\n<p>        <img decoding=\"async\" src=\"\/wp-content\/uploads\/sahm-splice-service-spare-parts.jpg\" alt=\"spare parts\"><\/p>\n<div> <\/div>\n<\/div>\n<h2>Pi\u00e8ces de rechange<\/h2>\n<div>\n<p>Les pi\u00e8ces de rechange d&rsquo;origine de SAHM SPLICE ont \u00e9t\u00e9 test\u00e9es et \u00e9prouv\u00e9es et correspondent enti\u00e8rement \u00e0 nos sp\u00e9cifications. Cela se traduit par une disponibilit\u00e9 tr\u00e8s \u00e9lev\u00e9e. Notre service propose des pi\u00e8ces de rechange et d&rsquo;usure pour les anciens et les nouveaux syst\u00e8mes. Notre assistance technique est \u00e0 votre disposition avec sa comp\u00e9tence et son exp\u00e9rience pour la s\u00e9lection et le conseil n\u00e9cessaires.<\/p>\n<\/div>\n<div>\n<p>        <img decoding=\"async\" src=\"\/wp-content\/uploads\/sahm-splice-service-car-hafen.jpg\" alt=\"SAHM SPLICE Service car\"><\/p>\n<div> <\/div>\n<\/div>\n<h2>Service<\/h2>\n<div>\n<p>Nous pouvons vous conseiller de faire de la maintenance pr\u00e9ventive sur place, mais aussi envoyer notre personnel pour aider vos collaborateurs. Mais le service, c&rsquo;est aussi aider nos clients \u00e0 r\u00e9soudre des probl\u00e8mes complexes.<\/p>\n<\/div>\n<p><!--more--><br \/>\n<!-- {\"name\":\"\",\"type\":\"layout\",\"children\":[{\"name\":\"Hero\",\"type\":\"section\",\"props\":{\"style\":\"secondary\",\"width\":\"\",\"vertical_align\":\"middle\",\"title_position\":\"top-left\",\"title_rotation\":\"left\",\"title_breakpoint\":\"xl\",\"image_position\":\"center-center\",\"padding\":\"xlarge\",\"header_transparent\":\"light\",\"header_transparent_noplaceholder\":true,\"image\":\"wp-content\\\/uploads\\\/sahm-splice-service-header-2-1.jpg\",\"media_blend_mode\":\"multiply\",\"image_parallax_bgy_start\":\"-80\",\"image_parallax_bgy_end\":\"80\",\"image_width\":\"1560\",\"image_size\":\"cover\",\"media_overlay\":\"rgba(17, 17, 17, 0.66)\",\"image_parallax_breakpoint\":\"s\"},\"children\":[{\"name\":\"\",\"type\":\"row\",\"props\":{\"layout\":\"1-2,1-2\",\"vertical_align\":true,\"width\":\"large\",\"column_gap\":\"large\",\"row_gap\":\"large\"},\"children\":[{\"name\":\"\",\"type\":\"column\",\"props\":{\"image_position\":\"center-center\",\"image\":\"\",\"vertical_align\":\"middle\",\"media_overlay_gradient\":\"\",\"width_xlarge\":\"1-2\",\"width_medium\":\"1-2\"},\"children\":[{\"name\":\"\",\"type\":\"headline\",\"props\":{\"title_element\":\"h1\",\"content\":\"S\\u00fbr, <br class=\\\"uk-visible@m\\\"\\\/>fiable, <br class=\\\"uk-visible@m\\\" \\\/>efficace.\",\"title_style\":\"heading-large\",\"text_align\":\"left\",\"animation\":\"none\",\"parallax_opacity_start\":\"1\",\"parallax_opacity_end\":\"0\",\"parallax_viewport\":\"0.9\",\"parallax_y_start\":\"0\",\"parallax_y_end\":\"-40\"}}]},{\"name\":\"\",\"type\":\"column\",\"props\":{\"image_position\":\"center-center\",\"vertical_align\":\"middle\",\"media_overlay_gradient\":\"\",\"width_xlarge\":\"1-2\",\"width_medium\":\"1-2\"},\"children\":[{\"name\":\"testimonial panel\",\"type\":\"panel\",\"props\":{\"link_text\":\"Read more\",\"title_element\":\"h3\",\"meta_style\":\"meta\",\"meta_align\":\"below-title\",\"image_align\":\"left\",\"image_grid_width\":\"1-4\",\"link_style\":\"default\",\"margin\":\"default\",\"image\":\"\",\"image_border\":\"circle\",\"content\":\"\n\n<blockquote>\\n\n\n<p>Notre service couvre vos besoins tout au long du cycle de vie du produit. De l'installation \\u00e0 l'exploitation quotidienne, en passant par la maintenance et l'assistance. Notre \\u00e9quipe exp\\u00e9riment\\u00e9e vous assistera avec des solutions de service professionnel.<\\\/p>\\n\n\n<p>Arne Niemann, SAHM SPLICE, PDG<\\\/p>\\n<\\\/blockquote>\",\"image_vertical_align\":true,\"image_svg_color\":\"emphasis\",\"title_align\":\"top\",\"title_grid_width\":\"1-2\",\"title_hover_style\":\"reset\",\"title_grid_breakpoint\":\"m\",\"image_grid_column_gap\":\"large\",\"image_grid_row_gap\":\"large\",\"image_grid_breakpoint\":\"m\",\"icon_width\":80,\"meta_element\":\"div\",\"content_column_breakpoint\":\"m\"}}]}]}]},{\"name\":\"Training\",\"type\":\"section\",\"props\":{\"style\":\"default\",\"width\":\"xlarge\",\"vertical_align\":\"middle\",\"title_position\":\"top-left\",\"title_rotation\":\"left\",\"title_breakpoint\":\"xl\",\"image_position\":\"center-right\",\"padding_remove_top\":false,\"padding_remove_bottom\":false,\"padding\":\"large\",\"id\":\"training\",\"image\":\"\",\"image_parallax_bgy_start\":\"-120\",\"image_parallax_bgy_end\":\"120\",\"media_overlay\":null},\"children\":[{\"name\":\"\",\"type\":\"row\",\"props\":{\"layout\":\"1-2,1-2\",\"vertical_align\":false,\"margin\":\"remove-vertical\",\"class\":\"cstm-remove-horizontal-padding-on-tiles\",\"match\":false,\"column_gap\":\"large\",\"row_gap\":\"large\"},\"children\":[{\"name\":\"\",\"type\":\"column\",\"props\":{\"image_position\":\"center-center\",\"image\":\"\",\"image_size\":\"cover\",\"media_overlay_gradient\":\"\",\"width_medium\":\"1-2\",\"width_small\":\"1-2\"},\"children\":[{\"name\":\"\",\"type\":\"panel\",\"props\":{\"link_text\":\"\",\"title_element\":\"h3\",\"meta_style\":\"meta\",\"meta_align\":\"below-title\",\"image_align\":\"top\",\"image_grid_width\":\"1-2\",\"link_style\":\"default\",\"margin\":\"default\",\"image\":\"wp-content\\\/uploads\\\/sahm-splice-service-training.jpg\",\"content\":\" \",\"link\":\"\",\"image_width\":\"900\",\"image_height\":\"600\",\"class\":\"cstm-panel-content-hide\",\"image_svg_color\":\"emphasis\",\"title_align\":\"top\",\"title_grid_width\":\"1-2\",\"title_hover_style\":\"reset\",\"title_grid_breakpoint\":\"m\",\"image_grid_breakpoint\":\"m\",\"image_alt\":\"mechanical splicing of wire ropes\",\"title_link\":true,\"image_link\":true,\"icon_width\":80,\"meta_element\":\"div\",\"content_column_breakpoint\":\"m\"}}]},{\"name\":\"\",\"type\":\"column\",\"props\":{\"image_position\":\"top-right\",\"image\":\"\",\"padding\":\"none\",\"media_overlay_gradient\":\"\",\"vertical_align\":\"middle\",\"width_medium\":\"1-2\",\"width_small\":\"1-2\"},\"children\":[{\"type\":\"headline\",\"props\":{\"title_element\":\"h2\",\"title_style\":\"h1\",\"title_decoration\":\"line\",\"maxwidth\":\"xlarge\",\"maxwidth_breakpoint\":\"m\",\"block_align\":\"center\",\"block_align_breakpoint\":\"m\",\"content\":\"Formation\"}},{\"type\":\"text\",\"props\":{\"margin\":\"default\",\"column_breakpoint\":\"m\",\"maxwidth\":\"xlarge\",\"maxwidth_breakpoint\":\"m\",\"block_align\":\"center\",\"block_align_breakpoint\":\"m\",\"content\":\"\n\n<p>Nous voulons que nos clients respectent la norme et c'est pourquoi nous proposons des cours de formation accr\\u00e9dit\\u00e9s par la LEEA pour le manchonnage m\\u00e9canique correct des c\\u00e2bles d'acier selon la norme EN 13411-3, ainsi que pour le fonctionnement s\\u00fbr et l'entretien pr\\u00e9ventif des presses \\u00e0 manchonner, des bancs d'essai et des machines de coupe.<\\\/p>\"}}]}]}]},{\"name\":\"Calibration\",\"type\":\"section\",\"props\":{\"style\":\"muted\",\"width\":\"xlarge\",\"vertical_align\":\"middle\",\"title_position\":\"top-left\",\"title_rotation\":\"left\",\"title_breakpoint\":\"xl\",\"image_position\":\"center-right\",\"padding_remove_top\":false,\"padding_remove_bottom\":false,\"padding\":\"large\",\"id\":\"calibration\",\"image\":\"\",\"image_parallax_bgy_start\":\"-120\",\"image_parallax_bgy_end\":\"120\",\"media_overlay\":null},\"children\":[{\"name\":\"\",\"type\":\"row\",\"props\":{\"layout\":\"1-2,1-2\",\"vertical_align\":false,\"margin\":\"remove-vertical\",\"class\":\"cstm-remove-horizontal-padding-on-tiles\",\"match\":false,\"column_gap\":\"large\",\"row_gap\":\"large\"},\"children\":[{\"name\":\"\",\"type\":\"column\",\"props\":{\"image_position\":\"center-center\",\"image\":\"\",\"image_size\":\"cover\",\"media_overlay_gradient\":\"\",\"width_medium\":\"1-2\",\"width_small\":\"1-2\"},\"children\":[{\"name\":\"\",\"type\":\"panel\",\"props\":{\"link_text\":\"\",\"title_element\":\"h3\",\"meta_style\":\"meta\",\"meta_align\":\"below-title\",\"image_align\":\"top\",\"image_grid_width\":\"1-2\",\"link_style\":\"default\",\"margin\":\"default\",\"image\":\"wp-content\\\/uploads\\\/machine-calibration-service.jpg\",\"content\":\" \",\"link\":\"\",\"image_width\":\"900\",\"image_height\":\"600\",\"class\":\"cstm-panel-content-hide\",\"image_svg_color\":\"emphasis\",\"title_align\":\"top\",\"title_grid_width\":\"1-2\",\"title_hover_style\":\"reset\",\"title_grid_breakpoint\":\"m\",\"image_grid_breakpoint\":\"m\",\"image_alt\":\"calibration service\",\"title_link\":true,\"image_link\":true,\"icon_width\":80,\"meta_element\":\"div\",\"content_column_breakpoint\":\"m\"}}]},{\"name\":\"\",\"type\":\"column\",\"props\":{\"image_position\":\"top-right\",\"image\":\"\",\"padding\":\"none\",\"media_overlay_gradient\":\"\",\"vertical_align\":\"middle\",\"width_medium\":\"1-2\",\"order_first\":\"m\",\"width_small\":\"1-2\"},\"children\":[{\"type\":\"headline\",\"props\":{\"title_element\":\"h2\",\"title_style\":\"h1\",\"title_decoration\":\"line\",\"maxwidth\":\"xlarge\",\"maxwidth_breakpoint\":\"m\",\"block_align\":\"center\",\"block_align_breakpoint\":\"m\",\"content\":\"Etalonage\"}},{\"type\":\"text\",\"props\":{\"margin\":\"default\",\"column_breakpoint\":\"m\",\"maxwidth\":\"xlarge\",\"maxwidth_breakpoint\":\"m\",\"block_align\":\"center\",\"block_align_breakpoint\":\"m\",\"content\":\"\n\n<p>Nous offrons un service d'\\u00e9talonnage dans le monde entier gr\\u00e2ce \\u00e0 notre \\u00e9quipement certifi\\u00e9 EN ISO 376. Gr\\u00e2ce \\u00e0 nos capteurs de force de haute pr\\u00e9cision, nous sommes en mesure d'\\u00e9talonner vos machines d'essai de traction jusqu'\\u00e0 la classe 0,5 dans la gamme de capacit\\u00e9 allant jusqu'\\u00e0 600t, conform\\u00e9ment aux r\\u00e9glementations sp\\u00e9cifi\\u00e9es dans la norme EN ISO 7500-1.<\\\/p>\"}}]}]}]},{\"name\":\"refurbishment\",\"type\":\"section\",\"props\":{\"style\":\"default\",\"width\":\"xlarge\",\"vertical_align\":\"middle\",\"title_position\":\"top-left\",\"title_rotation\":\"left\",\"title_breakpoint\":\"xl\",\"image_position\":\"center-right\",\"padding_remove_top\":false,\"padding_remove_bottom\":false,\"padding\":\"large\",\"id\":\"refurbishment\",\"image\":\"\",\"image_parallax_bgy_start\":\"-120\",\"image_parallax_bgy_end\":\"120\",\"media_overlay\":null},\"children\":[{\"name\":\"\",\"type\":\"row\",\"props\":{\"layout\":\"1-2,1-2\",\"vertical_align\":false,\"margin\":\"remove-vertical\",\"class\":\"cstm-remove-horizontal-padding-on-tiles\",\"match\":false,\"column_gap\":\"large\",\"row_gap\":\"large\"},\"children\":[{\"name\":\"\",\"type\":\"column\",\"props\":{\"image_position\":\"center-center\",\"image\":\"\",\"image_size\":\"cover\",\"media_overlay_gradient\":\"\",\"width_medium\":\"1-2\",\"width_small\":\"1-2\"},\"children\":[{\"name\":\"\",\"type\":\"panel\",\"props\":{\"link_text\":\"\",\"title_element\":\"h3\",\"meta_style\":\"meta\",\"meta_align\":\"below-title\",\"image_align\":\"top\",\"image_grid_width\":\"1-2\",\"link_style\":\"default\",\"margin\":\"default\",\"image\":\"wp-content\\\/uploads\\\/mise-a-niveau-avant-apres.jpg\",\"content\":\" \",\"link\":\"\",\"image_width\":\"900\",\"image_height\":\"670\",\"class\":\"cstm-panel-content-hide\",\"image_svg_color\":\"emphasis\",\"title_align\":\"top\",\"title_grid_width\":\"1-2\",\"title_hover_style\":\"reset\",\"title_grid_breakpoint\":\"m\",\"image_grid_breakpoint\":\"m\",\"image_alt\":\"refurbishment & upgrades for splicing machines\",\"title_link\":true,\"image_link\":true,\"icon_width\":80,\"meta_element\":\"div\",\"content_column_breakpoint\":\"m\"}}]},{\"name\":\"\",\"type\":\"column\",\"props\":{\"image_position\":\"top-right\",\"image\":\"\",\"padding\":\"none\",\"media_overlay_gradient\":\"\",\"vertical_align\":\"middle\",\"width_medium\":\"1-2\",\"width_small\":\"1-2\"},\"children\":[{\"type\":\"headline\",\"props\":{\"title_element\":\"h2\",\"title_style\":\"h1\",\"title_decoration\":\"line\",\"maxwidth\":\"xlarge\",\"maxwidth_breakpoint\":\"m\",\"block_align\":\"center\",\"block_align_breakpoint\":\"m\",\"content\":\"Remise \\u00e0 neuf\\\/ Mise \\u00e0 niveau\"}},{\"type\":\"text\",\"props\":{\"margin\":\"default\",\"column_breakpoint\":\"m\",\"maxwidth\":\"xlarge\",\"maxwidth_breakpoint\":\"m\",\"block_align\":\"center\",\"block_align_breakpoint\":\"m\",\"content\":\"\n\n<p>Votre banc d'essai, votre machine \\u00e0 appointer ou votre presse ont connu des jours meilleurs et vous envisagez d'acheter un nouveau mod\\u00e8le ? Une alternative \\u00e9conomiquement viable pourrait \\u00eatre de moderniser votre machine existante.<\\\/p>\"}}]}]}]},{\"name\":\"Repair\",\"type\":\"section\",\"props\":{\"style\":\"muted\",\"width\":\"xlarge\",\"vertical_align\":\"middle\",\"title_position\":\"top-left\",\"title_rotation\":\"left\",\"title_breakpoint\":\"xl\",\"image_position\":\"center-right\",\"padding_remove_top\":false,\"padding_remove_bottom\":false,\"padding\":\"large\",\"id\":\"repair\",\"image\":\"\",\"image_parallax_bgy_start\":\"-120\",\"image_parallax_bgy_end\":\"120\",\"media_overlay\":null},\"children\":[{\"name\":\"\",\"type\":\"row\",\"props\":{\"layout\":\"1-2,1-2\",\"vertical_align\":false,\"margin\":\"remove-vertical\",\"class\":\"cstm-remove-horizontal-padding-on-tiles\",\"match\":false,\"column_gap\":\"large\",\"row_gap\":\"large\"},\"children\":[{\"name\":\"\",\"type\":\"column\",\"props\":{\"image_position\":\"center-center\",\"image\":\"\",\"image_size\":\"cover\",\"media_overlay_gradient\":\"\",\"width_medium\":\"1-2\",\"width_small\":\"1-2\"},\"children\":[{\"name\":\"\",\"type\":\"panel\",\"props\":{\"link_text\":\"\",\"title_element\":\"h3\",\"meta_style\":\"meta\",\"meta_align\":\"below-title\",\"image_align\":\"top\",\"image_grid_width\":\"1-2\",\"link_style\":\"default\",\"margin\":\"default\",\"image\":\"wp-content\\\/uploads\\\/sahm-splice-service-repair.jpg\",\"content\":\" \",\"link\":\"\",\"image_width\":\"900\",\"image_height\":\"600\",\"class\":\"cstm-panel-content-hide\",\"image_svg_color\":\"emphasis\",\"title_align\":\"top\",\"title_grid_width\":\"1-2\",\"title_hover_style\":\"reset\",\"title_grid_breakpoint\":\"m\",\"image_grid_breakpoint\":\"m\",\"image_alt\":\"repair of splicing machines\",\"title_link\":true,\"image_link\":true,\"icon_width\":80,\"meta_element\":\"div\",\"content_column_breakpoint\":\"m\"}}]},{\"name\":\"\",\"type\":\"column\",\"props\":{\"image_position\":\"top-right\",\"image\":\"\",\"padding\":\"none\",\"media_overlay_gradient\":\"\",\"vertical_align\":\"middle\",\"width_medium\":\"1-2\",\"order_first\":\"m\",\"width_small\":\"1-2\"},\"children\":[{\"type\":\"headline\",\"props\":{\"title_element\":\"h2\",\"title_style\":\"h1\",\"title_decoration\":\"line\",\"maxwidth\":\"xlarge\",\"maxwidth_breakpoint\":\"m\",\"block_align\":\"center\",\"block_align_breakpoint\":\"m\",\"content\":\"R\\u00e9paration\"}},{\"type\":\"text\",\"props\":{\"margin\":\"default\",\"column_breakpoint\":\"m\",\"maxwidth\":\"xlarge\",\"maxwidth_breakpoint\":\"m\",\"block_align\":\"center\",\"block_align_breakpoint\":\"m\",\"content\":\"\n\n<p>Dans nos usines en Allemagne et au Royaume-Uni, nous avons des d\\u00e9partements de machines bien \\u00e9quip\\u00e9s pour toutes sortes de r\\u00e9parations. Nous effectuons \\u00e9galement des r\\u00e9parations sur place et nous proposons m\\u00eame des machines de location pendant la dur\\u00e9e de la r\\u00e9paration.<\\\/p>\"}}]}]}]},{\"name\":\"Spare Parts\",\"type\":\"section\",\"props\":{\"style\":\"default\",\"width\":\"xlarge\",\"vertical_align\":\"middle\",\"title_position\":\"top-left\",\"title_rotation\":\"left\",\"title_breakpoint\":\"xl\",\"image_position\":\"center-right\",\"padding_remove_top\":false,\"padding_remove_bottom\":false,\"padding\":\"large\",\"id\":\"spare-parts\",\"image\":\"\",\"image_parallax_bgy_start\":\"-120\",\"image_parallax_bgy_end\":\"120\",\"media_overlay\":null},\"children\":[{\"name\":\"\",\"type\":\"row\",\"props\":{\"layout\":\"1-2,1-2\",\"vertical_align\":false,\"margin\":\"remove-vertical\",\"class\":\"cstm-remove-horizontal-padding-on-tiles\",\"match\":false,\"column_gap\":\"large\",\"row_gap\":\"large\"},\"children\":[{\"name\":\"\",\"type\":\"column\",\"props\":{\"image_position\":\"center-center\",\"image\":\"\",\"image_size\":\"cover\",\"media_overlay_gradient\":\"\",\"width_medium\":\"1-2\",\"width_small\":\"1-2\"},\"children\":[{\"name\":\"\",\"type\":\"panel\",\"props\":{\"link_text\":\"\",\"title_element\":\"h3\",\"meta_style\":\"meta\",\"meta_align\":\"below-title\",\"image_align\":\"top\",\"image_grid_width\":\"1-2\",\"link_style\":\"default\",\"margin\":\"default\",\"image\":\"wp-content\\\/uploads\\\/sahm-splice-service-spare-parts.jpg\",\"content\":\" \",\"link\":\"\",\"image_width\":\"900\",\"image_height\":\"600\",\"class\":\"cstm-panel-content-hide\",\"image_svg_color\":\"emphasis\",\"title_align\":\"top\",\"title_grid_width\":\"1-2\",\"title_hover_style\":\"reset\",\"title_grid_breakpoint\":\"m\",\"image_grid_breakpoint\":\"m\",\"image_alt\":\"spare parts\",\"title_link\":true,\"image_link\":true,\"icon_width\":80,\"meta_element\":\"div\",\"content_column_breakpoint\":\"m\"}}]},{\"name\":\"\",\"type\":\"column\",\"props\":{\"image_position\":\"top-right\",\"image\":\"\",\"padding\":\"none\",\"media_overlay_gradient\":\"\",\"vertical_align\":\"middle\",\"width_medium\":\"1-2\",\"width_small\":\"1-2\"},\"children\":[{\"type\":\"headline\",\"props\":{\"title_element\":\"h2\",\"title_style\":\"h1\",\"title_decoration\":\"line\",\"maxwidth\":\"xlarge\",\"maxwidth_breakpoint\":\"m\",\"block_align\":\"center\",\"block_align_breakpoint\":\"m\",\"content\":\"Pi\\u00e8ces de rechange\"}},{\"type\":\"text\",\"props\":{\"margin\":\"default\",\"column_breakpoint\":\"m\",\"maxwidth\":\"xlarge\",\"maxwidth_breakpoint\":\"m\",\"block_align\":\"center\",\"block_align_breakpoint\":\"m\",\"content\":\"\n\n<p>Les pi\\u00e8ces de rechange d'origine de SAHM SPLICE ont \\u00e9t\\u00e9 test\\u00e9es et \\u00e9prouv\\u00e9es et correspondent enti\\u00e8rement \\u00e0 nos sp\\u00e9cifications. Cela se traduit par une disponibilit\\u00e9 tr\\u00e8s \\u00e9lev\\u00e9e. Notre service propose des pi\\u00e8ces de rechange et d'usure pour les anciens et les nouveaux syst\\u00e8mes. Notre assistance technique est \\u00e0 votre disposition avec sa comp\\u00e9tence et son exp\\u00e9rience pour la s\\u00e9lection et le conseil n\\u00e9cessaires.<\\\/p>\"}}]}]}]},{\"name\":\"Service\",\"type\":\"section\",\"props\":{\"style\":\"muted\",\"width\":\"xlarge\",\"vertical_align\":\"middle\",\"title_position\":\"top-left\",\"title_rotation\":\"left\",\"title_breakpoint\":\"xl\",\"image_position\":\"center-right\",\"padding_remove_top\":false,\"padding_remove_bottom\":false,\"padding\":\"large\",\"id\":\"service\",\"image\":\"\",\"image_parallax_bgy_start\":\"-120\",\"image_parallax_bgy_end\":\"120\",\"media_overlay\":null},\"children\":[{\"name\":\"\",\"type\":\"row\",\"props\":{\"layout\":\"1-2,1-2\",\"vertical_align\":false,\"margin\":\"remove-vertical\",\"class\":\"cstm-remove-horizontal-padding-on-tiles\",\"match\":false,\"column_gap\":\"large\",\"row_gap\":\"large\"},\"children\":[{\"name\":\"\",\"type\":\"column\",\"props\":{\"image_position\":\"center-center\",\"image\":\"\",\"image_size\":\"cover\",\"media_overlay_gradient\":\"\",\"width_medium\":\"1-2\",\"width_small\":\"1-2\"},\"children\":[{\"name\":\"\",\"type\":\"panel\",\"props\":{\"link_text\":\"\",\"title_element\":\"h3\",\"meta_style\":\"meta\",\"meta_align\":\"below-title\",\"image_align\":\"top\",\"image_grid_width\":\"1-2\",\"link_style\":\"default\",\"margin\":\"default\",\"image\":\"wp-content\\\/uploads\\\/sahm-splice-service-car-hafen.jpg\",\"content\":\" \",\"link\":\"\",\"image_width\":\"900\",\"image_height\":\"600\",\"class\":\"cstm-panel-content-hide\",\"image_svg_color\":\"emphasis\",\"title_align\":\"top\",\"title_grid_width\":\"1-2\",\"title_hover_style\":\"reset\",\"title_grid_breakpoint\":\"m\",\"image_grid_breakpoint\":\"m\",\"image_alt\":\"SAHM SPLICE Service car\",\"title_link\":true,\"image_link\":true,\"icon_width\":80,\"meta_element\":\"div\",\"content_column_breakpoint\":\"m\"}}]},{\"name\":\"\",\"type\":\"column\",\"props\":{\"image_position\":\"top-right\",\"image\":\"\",\"padding\":\"none\",\"media_overlay_gradient\":\"\",\"vertical_align\":\"middle\",\"width_medium\":\"1-2\",\"order_first\":\"m\",\"width_small\":\"1-2\"},\"children\":[{\"type\":\"headline\",\"props\":{\"title_element\":\"h2\",\"title_style\":\"h1\",\"title_decoration\":\"line\",\"maxwidth\":\"xlarge\",\"maxwidth_breakpoint\":\"m\",\"block_align\":\"center\",\"block_align_breakpoint\":\"m\",\"content\":\"Service\"}},{\"type\":\"text\",\"props\":{\"margin\":\"default\",\"column_breakpoint\":\"m\",\"maxwidth\":\"xlarge\",\"maxwidth_breakpoint\":\"m\",\"block_align\":\"center\",\"block_align_breakpoint\":\"m\",\"content\":\"\n\n<p>Nous pouvons vous conseiller de faire de la maintenance pr\\u00e9ventive sur place, mais aussi envoyer notre personnel pour aider vos collaborateurs. Mais le service, c'est aussi aider nos clients \\u00e0 r\\u00e9soudre des probl\\u00e8mes complexes.<\\\/p>\"}}]}]}]}],\"version\":\"2.6.5\"} --><\/p>\n","protected":false},"excerpt":{"rendered":"<p>S\u00fbr, fiable, efficace. Notre service couvre vos besoins tout au long du cycle de vie du produit. De l&rsquo;installation \u00e0 l&rsquo;exploitation quotidienne, en passant par la maintenance et l&rsquo;assistance. Notre \u00e9quipe exp\u00e9riment\u00e9e vous assistera avec des solutions de service professionnel. Arne Niemann, SAHM SPLICE, PDG Formation Nous voulons que nos clients respectent la norme et [&hellip;]<\/p>\n","protected":false},"author":1,"featured_media":0,"parent":0,"menu_order":0,"comment_status":"closed","ping_status":"open","template":"","meta":{"footnotes":""},"class_list":["post-11639","page","type-page","status-publish","hentry"],"_links":{"self":[{"href":"https:\/\/www.sahm-splice.com\/fr\/wp-json\/wp\/v2\/pages\/11639","targetHints":{"allow":["GET"]}}],"collection":[{"href":"https:\/\/www.sahm-splice.com\/fr\/wp-json\/wp\/v2\/pages"}],"about":[{"href":"https:\/\/www.sahm-splice.com\/fr\/wp-json\/wp\/v2\/types\/page"}],"author":[{"embeddable":true,"href":"https:\/\/www.sahm-splice.com\/fr\/wp-json\/wp\/v2\/users\/1"}],"replies":[{"embeddable":true,"href":"https:\/\/www.sahm-splice.com\/fr\/wp-json\/wp\/v2\/comments?post=11639"}],"version-history":[{"count":0,"href":"https:\/\/www.sahm-splice.com\/fr\/wp-json\/wp\/v2\/pages\/11639\/revisions"}],"wp:attachment":[{"href":"https:\/\/www.sahm-splice.com\/fr\/wp-json\/wp\/v2\/media?parent=11639"}],"curies":[{"name":"wp","href":"https:\/\/api.w.org\/{rel}","templated":true}]}}