{"id":11663,"date":"2018-04-24T20:04:21","date_gmt":"2018-04-24T20:04:21","guid":{"rendered":"https:\/\/www.sahm-splice.com\/products\/non%20class\u00e9\/40t-swaging-press-plus\/"},"modified":"2025-06-10T14:03:59","modified_gmt":"2025-06-10T12:03:59","slug":"40t-presse-hydraulique-plus","status":"publish","type":"product","link":"https:\/\/www.sahm-splice.com\/fr\/produits\/presses\/40t-presse-hydraulique-plus\/","title":{"rendered":"40t Presse Hydraulique PLUS"},"content":{"rendered":"","protected":false},"excerpt":{"rendered":"[cstm_product_headline_suitable_ferrules]\n<ul class=\"uk-list uk-list-bullet\">\n<li>Manchons en aluminium jusqu&rsquo;\u00e0 ZEN\u00ae 8<\/li>\n<\/ul>\n[cstm_product_headline_benefit]\n<ul class=\"uk-list uk-list-bullet\">\n<li><b>A col de cygne<\/b> &#8211; tr\u00e8s bonne accessibilit\u00e9<\/li>\n<li><b>Piston \u00e0 course descendante <\/b> &#8211; la pi\u00e8ce reste en position pendant le manchonnage<\/li>\n<li><b>Contr\u00f4le automatique<\/b> &#8211; une dur\u00e9e de cycle plus courte (le retour du piston automatique)<\/li>\n<li><b>Limiteur de course du piston<\/b> &#8211; une dur\u00e9e de cycle plus courte (limite la course du piston)<\/li>\n<li><b>Vitesse d&rsquo;avancement<\/b> &#8211; notre presse la plus rapide (particuli\u00e8rement adapt\u00e9e \u00e0 la production en s\u00e9rie)<\/li>\n<li><b>Faible niveau de bruit<\/b> &#8211; pompe extr\u00eamement silencieuse (&lt;70 dB)<\/li>\n<\/ul>\n","protected":false},"featured_media":12460,"template":"","meta":{"wds_primary_product_brand":0,"wds_primary_product_cat":386},"product_brand":[],"product_cat":[386],"product_tag":[391],"class_list":{"0":"post-11663","1":"product","2":"type-product","3":"status-publish","4":"has-post-thumbnail","6":"product_cat-presses","7":"product_tag-modele-col-de-cygne","9":"first","10":"instock","11":"shipping-taxable","12":"product-type-simple"},"_links":{"self":[{"href":"https:\/\/www.sahm-splice.com\/fr\/wp-json\/wp\/v2\/product\/11663","targetHints":{"allow":["GET"]}}],"collection":[{"href":"https:\/\/www.sahm-splice.com\/fr\/wp-json\/wp\/v2\/product"}],"about":[{"href":"https:\/\/www.sahm-splice.com\/fr\/wp-json\/wp\/v2\/types\/product"}],"wp:featuredmedia":[{"embeddable":true,"href":"https:\/\/www.sahm-splice.com\/fr\/wp-json\/wp\/v2\/media\/12460"}],"wp:attachment":[{"href":"https:\/\/www.sahm-splice.com\/fr\/wp-json\/wp\/v2\/media?parent=11663"}],"wp:term":[{"taxonomy":"product_brand","embeddable":true,"href":"https:\/\/www.sahm-splice.com\/fr\/wp-json\/wp\/v2\/product_brand?post=11663"},{"taxonomy":"product_cat","embeddable":true,"href":"https:\/\/www.sahm-splice.com\/fr\/wp-json\/wp\/v2\/product_cat?post=11663"},{"taxonomy":"product_tag","embeddable":true,"href":"https:\/\/www.sahm-splice.com\/fr\/wp-json\/wp\/v2\/product_tag?post=11663"}],"curies":[{"name":"wp","href":"https:\/\/api.w.org\/{rel}","templated":true}]}}