{"id":11665,"date":"2018-04-11T15:47:44","date_gmt":"2018-04-11T15:47:44","guid":{"rendered":"https:\/\/www.sahm-splice.com\/products\/non%20class\u00e9\/90t-swaging-press-2\/"},"modified":"2025-06-10T14:04:02","modified_gmt":"2025-06-10T12:04:02","slug":"90t-presse-hydraulique-2","status":"publish","type":"product","link":"https:\/\/www.sahm-splice.com\/fr\/produits\/presses\/90t-presse-hydraulique-2\/","title":{"rendered":"90t Presse Hydraulique"},"content":{"rendered":"","protected":false},"excerpt":{"rendered":"[cstm_product_headline_suitable_ferrules]\n<ul class=\"uk-list uk-list-bullet\">\n<li>Manchons Aluminium jusqu&rsquo;\u00e0 ZEN\u00ae 12<\/li>\n<\/ul>\n[cstm_product_headline_benefit]\n<ul class=\"uk-list uk-list-bullet\">\n<li><b>A col de cygne\u00a0<\/b> &#8211; tr\u00e8s bonne accessibilit\u00e9<\/li>\n<li><b>Course descendante du piston<\/b> &#8211; la pi\u00e8ce reste en position pendant le manchonnage<\/li>\n<li><b>Contr\u00f4le automatique<\/b> &#8211; une dur\u00e9e de cycle plus courte (le retour du piston automatique)<\/li>\n<li><b>Limiteur de la course du piston<\/b> &#8211; une dur\u00e9e de cycle plus courte (limite la course du piston)<\/li>\n<li><b>R\u00e9glage de la hauteur<\/b> &#8211; peut \u00eatre utilis\u00e9e avec l&rsquo;op\u00e9rateur debout ou assis<\/li>\n<li><b>Sur roulettes<\/b> &#8211; peut \u00eatre facilement d\u00e9plac\u00e9e<\/li>\n<\/ul>\n","protected":false},"featured_media":12456,"template":"","meta":{"wds_primary_product_brand":0,"wds_primary_product_cat":386},"product_brand":[],"product_cat":[386],"product_tag":[391],"class_list":{"0":"post-11665","1":"product","2":"type-product","3":"status-publish","4":"has-post-thumbnail","6":"product_cat-presses","7":"product_tag-modele-col-de-cygne","9":"first","10":"instock","11":"shipping-taxable","12":"product-type-simple"},"_links":{"self":[{"href":"https:\/\/www.sahm-splice.com\/fr\/wp-json\/wp\/v2\/product\/11665","targetHints":{"allow":["GET"]}}],"collection":[{"href":"https:\/\/www.sahm-splice.com\/fr\/wp-json\/wp\/v2\/product"}],"about":[{"href":"https:\/\/www.sahm-splice.com\/fr\/wp-json\/wp\/v2\/types\/product"}],"wp:featuredmedia":[{"embeddable":true,"href":"https:\/\/www.sahm-splice.com\/fr\/wp-json\/wp\/v2\/media\/12456"}],"wp:attachment":[{"href":"https:\/\/www.sahm-splice.com\/fr\/wp-json\/wp\/v2\/media?parent=11665"}],"wp:term":[{"taxonomy":"product_brand","embeddable":true,"href":"https:\/\/www.sahm-splice.com\/fr\/wp-json\/wp\/v2\/product_brand?post=11665"},{"taxonomy":"product_cat","embeddable":true,"href":"https:\/\/www.sahm-splice.com\/fr\/wp-json\/wp\/v2\/product_cat?post=11665"},{"taxonomy":"product_tag","embeddable":true,"href":"https:\/\/www.sahm-splice.com\/fr\/wp-json\/wp\/v2\/product_tag?post=11665"}],"curies":[{"name":"wp","href":"https:\/\/api.w.org\/{rel}","templated":true}]}}