{"id":11668,"date":"2018-04-24T20:53:42","date_gmt":"2018-04-24T20:53:42","guid":{"rendered":"https:\/\/www.sahm-splice.com\/products\/non%20class\u00e9\/150t-swaging-press\/"},"modified":"2025-06-10T14:04:03","modified_gmt":"2025-06-10T12:04:03","slug":"150t-presse-hydraulique","status":"publish","type":"product","link":"https:\/\/www.sahm-splice.com\/fr\/produits\/presses\/150t-presse-hydraulique\/","title":{"rendered":"150t Presse Hydraulique"},"content":{"rendered":"","protected":false},"excerpt":{"rendered":"<p>L&rsquo;alternative \u00e9conomique \u00e0 nos machines \u00e0 manchonner haut de gamme de qualit\u00e9 SAHM reconnue.<\/p>\n[cstm_product_headline_suitable_ferrules]\n<ul class=\"uk-list uk-list-bullet\">\n<li>Manchons en aluminium jusqu&rsquo;\u00e0 ZEN\u00ae 16<\/li>\n<li>Manchons \u00ab\u00a0\u0152illets flamands\u00a0\u00bb jusqu&rsquo;\u00e0 18\/20 (3\/4&Prime;)<\/li>\n<\/ul>\n[cstm_product_headline_benefit]\n<ul class=\"uk-list uk-list-bullet\">\n<li><b>A col de cygne<\/b> &#8211; tr\u00e8s bonne accessibilit\u00e9<\/li>\n<\/ul>\n","protected":false},"featured_media":12468,"template":"","meta":{"wds_primary_product_brand":0,"wds_primary_product_cat":386},"product_brand":[],"product_cat":[386],"product_tag":[391],"class_list":{"0":"post-11668","1":"product","2":"type-product","3":"status-publish","4":"has-post-thumbnail","6":"product_cat-presses","7":"product_tag-modele-col-de-cygne","9":"first","10":"instock","11":"shipping-taxable","12":"product-type-simple"},"_links":{"self":[{"href":"https:\/\/www.sahm-splice.com\/fr\/wp-json\/wp\/v2\/product\/11668","targetHints":{"allow":["GET"]}}],"collection":[{"href":"https:\/\/www.sahm-splice.com\/fr\/wp-json\/wp\/v2\/product"}],"about":[{"href":"https:\/\/www.sahm-splice.com\/fr\/wp-json\/wp\/v2\/types\/product"}],"wp:featuredmedia":[{"embeddable":true,"href":"https:\/\/www.sahm-splice.com\/fr\/wp-json\/wp\/v2\/media\/12468"}],"wp:attachment":[{"href":"https:\/\/www.sahm-splice.com\/fr\/wp-json\/wp\/v2\/media?parent=11668"}],"wp:term":[{"taxonomy":"product_brand","embeddable":true,"href":"https:\/\/www.sahm-splice.com\/fr\/wp-json\/wp\/v2\/product_brand?post=11668"},{"taxonomy":"product_cat","embeddable":true,"href":"https:\/\/www.sahm-splice.com\/fr\/wp-json\/wp\/v2\/product_cat?post=11668"},{"taxonomy":"product_tag","embeddable":true,"href":"https:\/\/www.sahm-splice.com\/fr\/wp-json\/wp\/v2\/product_tag?post=11668"}],"curies":[{"name":"wp","href":"https:\/\/api.w.org\/{rel}","templated":true}]}}