{"id":11698,"date":"2018-04-25T16:43:03","date_gmt":"2018-04-25T16:43:03","guid":{"rendered":"https:\/\/www.sahm-splice.com\/products\/non%20class\u00e9\/rigging-arm-for-wire-ropes\/"},"modified":"2025-06-10T14:04:13","modified_gmt":"2025-06-10T12:04:13","slug":"bras-de-levage-pour-cables-en-acier","status":"publish","type":"product","link":"https:\/\/www.sahm-splice.com\/fr\/produits\/presses\/bras-de-levage-pour-cables-en-acier\/","title":{"rendered":"Bras de manutention pour c\u00e2bles en acier"},"content":{"rendered":"","protected":false},"excerpt":{"rendered":"<p>Nos bras de manutention RA-1250, RA-2000 et RA-4000 aident l&rsquo;op\u00e9rateur \u00e0 produire facilement et en toute s\u00e9curit\u00e9 des boucles avec et sans cosse-c\u0153ur.<\/p>\n<p>Le bras\u00a0 est compos\u00e9 de deux modules : la section qui forme la boucle, et la section de traction qui dimensionne la boucle. L&rsquo;op\u00e9ration s&rsquo;explique d&rsquo;elle-m\u00eame et s&rsquo;effectue facilement \u00e0 l&rsquo;aide de deux manettes. Ainsi, m\u00eame une seule personne est maintenant capable de produire une \u00e9lingue de levage de grand diam\u00e8tre en toute s\u00e9curit\u00e9 et sans aucune force.<\/p>\n<div class=\"uk-h3\">S\u00fbr et facile \u00e0 utiliser:<\/div>\n<ul class=\"uk-list uk-list-bullet\">\n<li>L&rsquo;extr\u00e9mit\u00e9 du c\u00e2ble est solidement attach\u00e9e<\/li>\n<li>Dispositif puissant de rotation et de traction<\/li>\n<li>Utilisation facile gr\u00e2ce \u00e0 des manettes<\/li>\n<\/ul>\n<div class=\"uk-h3\">Efficace :<\/div>\n<ul class=\"uk-list uk-list-bullet\">\n<li>Moins de main-d&rsquo;\u0153uvre impliqu\u00e9e<\/li>\n<li>Production rapide de boucles avec et sans cosse-c\u0153ur<\/li>\n<\/ul>\n","protected":false},"featured_media":13108,"template":"","meta":{"wds_primary_product_brand":0,"wds_primary_product_cat":386},"product_brand":[],"product_cat":[386],"product_tag":[],"class_list":{"0":"post-11698","1":"product","2":"type-product","3":"status-publish","4":"has-post-thumbnail","6":"product_cat-presses","8":"first","9":"instock","10":"shipping-taxable","11":"product-type-simple"},"_links":{"self":[{"href":"https:\/\/www.sahm-splice.com\/fr\/wp-json\/wp\/v2\/product\/11698","targetHints":{"allow":["GET"]}}],"collection":[{"href":"https:\/\/www.sahm-splice.com\/fr\/wp-json\/wp\/v2\/product"}],"about":[{"href":"https:\/\/www.sahm-splice.com\/fr\/wp-json\/wp\/v2\/types\/product"}],"wp:featuredmedia":[{"embeddable":true,"href":"https:\/\/www.sahm-splice.com\/fr\/wp-json\/wp\/v2\/media\/13108"}],"wp:attachment":[{"href":"https:\/\/www.sahm-splice.com\/fr\/wp-json\/wp\/v2\/media?parent=11698"}],"wp:term":[{"taxonomy":"product_brand","embeddable":true,"href":"https:\/\/www.sahm-splice.com\/fr\/wp-json\/wp\/v2\/product_brand?post=11698"},{"taxonomy":"product_cat","embeddable":true,"href":"https:\/\/www.sahm-splice.com\/fr\/wp-json\/wp\/v2\/product_cat?post=11698"},{"taxonomy":"product_tag","embeddable":true,"href":"https:\/\/www.sahm-splice.com\/fr\/wp-json\/wp\/v2\/product_tag?post=11698"}],"curies":[{"name":"wp","href":"https:\/\/api.w.org\/{rel}","templated":true}]}}