{"id":11708,"date":"2018-04-26T12:32:16","date_gmt":"2018-04-26T12:32:16","guid":{"rendered":"https:\/\/www.sahm-splice.com\/products\/non%20class\u00e9\/hammer-press-tool\/"},"modified":"2025-06-10T14:04:14","modified_gmt":"2025-06-10T12:04:14","slug":"appareil-a-frappe-au-marteau","status":"publish","type":"product","link":"https:\/\/www.sahm-splice.com\/fr\/produits\/outils\/appareils-a-frappe-au-marteau\/appareil-a-frappe-au-marteau\/","title":{"rendered":"Appareil \u00e0 frappe au marteau"},"content":{"rendered":"","protected":false},"excerpt":{"rendered":"<p>Ces outils sont fabriqu\u00e9s en acier de haute qualit\u00e9 et conviennent pour la fabrication rapide, simple et peu co\u00fbteuse d&rsquo;\u00e9lingues.<\/p>\n<p><span class=\"uk-text-bold uk-text-primary\">Uniquement pour les manchons en aluminium et en cuivre.<br \/>\nTailles disponibles: 1 \/ 1,5 \/ 2 \/ 2,5 \/ 3 \/ 3,5 \/ 4 \/ 4,5 <\/span><\/p>\n","protected":false},"featured_media":13006,"template":"","meta":{"wds_primary_product_brand":0,"wds_primary_product_cat":396},"product_brand":[],"product_cat":[396],"product_tag":[],"class_list":{"0":"post-11708","1":"product","2":"type-product","3":"status-publish","4":"has-post-thumbnail","6":"product_cat-appareils-a-frappe-au-marteau","8":"first","9":"instock","10":"shipping-taxable","11":"product-type-simple"},"_links":{"self":[{"href":"https:\/\/www.sahm-splice.com\/fr\/wp-json\/wp\/v2\/product\/11708","targetHints":{"allow":["GET"]}}],"collection":[{"href":"https:\/\/www.sahm-splice.com\/fr\/wp-json\/wp\/v2\/product"}],"about":[{"href":"https:\/\/www.sahm-splice.com\/fr\/wp-json\/wp\/v2\/types\/product"}],"wp:featuredmedia":[{"embeddable":true,"href":"https:\/\/www.sahm-splice.com\/fr\/wp-json\/wp\/v2\/media\/13006"}],"wp:attachment":[{"href":"https:\/\/www.sahm-splice.com\/fr\/wp-json\/wp\/v2\/media?parent=11708"}],"wp:term":[{"taxonomy":"product_brand","embeddable":true,"href":"https:\/\/www.sahm-splice.com\/fr\/wp-json\/wp\/v2\/product_brand?post=11708"},{"taxonomy":"product_cat","embeddable":true,"href":"https:\/\/www.sahm-splice.com\/fr\/wp-json\/wp\/v2\/product_cat?post=11708"},{"taxonomy":"product_tag","embeddable":true,"href":"https:\/\/www.sahm-splice.com\/fr\/wp-json\/wp\/v2\/product_tag?post=11708"}],"curies":[{"name":"wp","href":"https:\/\/api.w.org\/{rel}","templated":true}]}}