{"id":11710,"date":"2018-04-26T12:36:34","date_gmt":"2018-04-26T12:36:34","guid":{"rendered":"https:\/\/www.sahm-splice.com\/products\/non%20class\u00e9\/typ-1\/"},"modified":"2025-06-10T14:04:14","modified_gmt":"2025-06-10T12:04:14","slug":"type-1","status":"publish","type":"product","link":"https:\/\/www.sahm-splice.com\/fr\/produits\/outils\/pinces-de-manchonnage\/type-1\/","title":{"rendered":"Pinces \u00e0 manchonner \u00ab\u00a0Type1\u00a0\u00bb"},"content":{"rendered":"","protected":false},"excerpt":{"rendered":"<p>Nos pinces manuelles, d\u00e9velopp\u00e9es \u00e0 partir de l\u2019exp\u00e9rience pratique, sont con\u00e7ues pour des matrices de sertissage interchangeables. Elles sont fabriqu\u00e9es en acier de haute qualit\u00e9 et permettent de r\u00e9aliser des connexions par sertissage de mani\u00e8re rapide, simple et \u00e9conomique.<\/p>\n","protected":false},"featured_media":16282,"template":"","meta":{"wds_primary_product_brand":0,"wds_primary_product_cat":397},"product_brand":[],"product_cat":[397],"product_tag":[],"class_list":{"0":"post-11710","1":"product","2":"type-product","3":"status-publish","4":"has-post-thumbnail","6":"product_cat-pinces-de-manchonnage","8":"first","9":"instock","10":"shipping-taxable","11":"product-type-simple"},"_links":{"self":[{"href":"https:\/\/www.sahm-splice.com\/fr\/wp-json\/wp\/v2\/product\/11710","targetHints":{"allow":["GET"]}}],"collection":[{"href":"https:\/\/www.sahm-splice.com\/fr\/wp-json\/wp\/v2\/product"}],"about":[{"href":"https:\/\/www.sahm-splice.com\/fr\/wp-json\/wp\/v2\/types\/product"}],"wp:featuredmedia":[{"embeddable":true,"href":"https:\/\/www.sahm-splice.com\/fr\/wp-json\/wp\/v2\/media\/16282"}],"wp:attachment":[{"href":"https:\/\/www.sahm-splice.com\/fr\/wp-json\/wp\/v2\/media?parent=11710"}],"wp:term":[{"taxonomy":"product_brand","embeddable":true,"href":"https:\/\/www.sahm-splice.com\/fr\/wp-json\/wp\/v2\/product_brand?post=11710"},{"taxonomy":"product_cat","embeddable":true,"href":"https:\/\/www.sahm-splice.com\/fr\/wp-json\/wp\/v2\/product_cat?post=11710"},{"taxonomy":"product_tag","embeddable":true,"href":"https:\/\/www.sahm-splice.com\/fr\/wp-json\/wp\/v2\/product_tag?post=11710"}],"curies":[{"name":"wp","href":"https:\/\/api.w.org\/{rel}","templated":true}]}}