{"id":11744,"date":"2020-06-04T10:58:59","date_gmt":"2020-06-04T10:58:59","guid":{"rendered":"https:\/\/www.sahm-splice.com\/products\/non%20class\u00e9\/splice-glide\/"},"modified":"2025-06-10T14:04:26","modified_gmt":"2025-06-10T12:04:26","slug":"splice-glide","status":"publish","type":"product","link":"https:\/\/www.sahm-splice.com\/fr\/produits\/outils\/graisse-a-manchonner\/splice-glide\/","title":{"rendered":"Splice Glide"},"content":{"rendered":"","protected":false},"excerpt":{"rendered":"<p>Notre graisse \u00e0 manchonner doit \u00eatre utilis\u00e9e pour lubrifier les empreintes des matrices et les l\u00e8vres de coupe avant chaque processus du manchonnage. Cela favorise l&rsquo;allongement\u00a0 du manchon et am\u00e9liore, non seulement le r\u00e9sultat du sertissage, mais aussi prolonge la vie des matrices.<\/p>\n[cstm_product_headline_benefit]\n<ul class=\"uk-list uk-list-bullet\">\n<li>Am\u00e9lioration de l&rsquo;allongement de la mati\u00e8re<\/li>\n<li>R\u00e9duction de l&rsquo;usure<\/li>\n<li>Protection contre la corrosion<\/li>\n<li>Emp\u00eache le manchon serti de se coincer dans l&#8217;empreinte<\/li>\n<\/ul>\n<p><span class=\"uk-text-bold uk-text-primary\">Unit\u00e9s d&#8217;emballage disponibles : 1 kg \/ 3 kg \/ 18 kg <\/span><\/p>\n","protected":false},"featured_media":13241,"template":"","meta":{"wds_primary_product_brand":0,"wds_primary_product_cat":387},"product_brand":[],"product_cat":[387],"product_tag":[],"class_list":{"0":"post-11744","1":"product","2":"type-product","3":"status-publish","4":"has-post-thumbnail","6":"product_cat-graisse-a-manchonner","8":"first","9":"instock","10":"shipping-taxable","11":"product-type-simple"},"_links":{"self":[{"href":"https:\/\/www.sahm-splice.com\/fr\/wp-json\/wp\/v2\/product\/11744","targetHints":{"allow":["GET"]}}],"collection":[{"href":"https:\/\/www.sahm-splice.com\/fr\/wp-json\/wp\/v2\/product"}],"about":[{"href":"https:\/\/www.sahm-splice.com\/fr\/wp-json\/wp\/v2\/types\/product"}],"wp:featuredmedia":[{"embeddable":true,"href":"https:\/\/www.sahm-splice.com\/fr\/wp-json\/wp\/v2\/media\/13241"}],"wp:attachment":[{"href":"https:\/\/www.sahm-splice.com\/fr\/wp-json\/wp\/v2\/media?parent=11744"}],"wp:term":[{"taxonomy":"product_brand","embeddable":true,"href":"https:\/\/www.sahm-splice.com\/fr\/wp-json\/wp\/v2\/product_brand?post=11744"},{"taxonomy":"product_cat","embeddable":true,"href":"https:\/\/www.sahm-splice.com\/fr\/wp-json\/wp\/v2\/product_cat?post=11744"},{"taxonomy":"product_tag","embeddable":true,"href":"https:\/\/www.sahm-splice.com\/fr\/wp-json\/wp\/v2\/product_tag?post=11744"}],"curies":[{"name":"wp","href":"https:\/\/api.w.org\/{rel}","templated":true}]}}