{"id":11749,"date":"2018-04-26T12:34:37","date_gmt":"2018-04-26T12:34:37","guid":{"rendered":"https:\/\/www.sahm-splice.com\/products\/non%20class\u00e9\/ferrule-marking-system\/"},"modified":"2025-06-10T14:04:27","modified_gmt":"2025-06-10T12:04:27","slug":"systeme-de-marquage-des-manchons","status":"publish","type":"product","link":"https:\/\/www.sahm-splice.com\/fr\/produits\/outils\/systeme-de-marquage\/systeme-de-marquage-des-manchons\/","title":{"rendered":"Syst\u00e8me de marquage des manchons"},"content":{"rendered":"","protected":false},"excerpt":{"rendered":"<p>Notre syst\u00e8me de marquage pour les manchons en aluminium sertis convient pour un marquage permanent selon <span class=\"uk-text-truncate\">EN 13414-1,<\/span> section 7.1.<\/p>\n<ul class=\"uk-list uk-list-bullet\">\n<li>Un type d&rsquo;identification efficace et peu co\u00fbteux<\/li>\n<li>Facilit\u00e9 d&#8217;emploi<\/li>\n<li>Marquage permanent avec votre code fournisseur selon la norme EN<\/li>\n<li>Tailles disponibles\u2028:<br \/>\nType 1: ZEN 8<br \/>\nType 2: ZEN 9-18<br \/>\nType 3: ZEN 20-60<\/li>\n<li>N&rsquo;h\u00e9sitez pas \u00e0 nous contacter pour un \u00e9chantillon gratuit<br \/>\n<img loading=\"lazy\" decoding=\"async\" src=\"\/wp-content\/uploads\/marking-system-ce-1.jpg\" alt=\"markierung-ce\" width=\"112\" height=\"55\" \/><\/li>\n<\/ul>\n","protected":false},"featured_media":12520,"template":"","meta":{"wds_primary_product_brand":0,"wds_primary_product_cat":398},"product_brand":[],"product_cat":[398],"product_tag":[],"class_list":{"0":"post-11749","1":"product","2":"type-product","3":"status-publish","4":"has-post-thumbnail","6":"product_cat-systeme-de-marquage","8":"first","9":"instock","10":"shipping-taxable","11":"product-type-simple"},"_links":{"self":[{"href":"https:\/\/www.sahm-splice.com\/fr\/wp-json\/wp\/v2\/product\/11749","targetHints":{"allow":["GET"]}}],"collection":[{"href":"https:\/\/www.sahm-splice.com\/fr\/wp-json\/wp\/v2\/product"}],"about":[{"href":"https:\/\/www.sahm-splice.com\/fr\/wp-json\/wp\/v2\/types\/product"}],"wp:featuredmedia":[{"embeddable":true,"href":"https:\/\/www.sahm-splice.com\/fr\/wp-json\/wp\/v2\/media\/12520"}],"wp:attachment":[{"href":"https:\/\/www.sahm-splice.com\/fr\/wp-json\/wp\/v2\/media?parent=11749"}],"wp:term":[{"taxonomy":"product_brand","embeddable":true,"href":"https:\/\/www.sahm-splice.com\/fr\/wp-json\/wp\/v2\/product_brand?post=11749"},{"taxonomy":"product_cat","embeddable":true,"href":"https:\/\/www.sahm-splice.com\/fr\/wp-json\/wp\/v2\/product_cat?post=11749"},{"taxonomy":"product_tag","embeddable":true,"href":"https:\/\/www.sahm-splice.com\/fr\/wp-json\/wp\/v2\/product_tag?post=11749"}],"curies":[{"name":"wp","href":"https:\/\/api.w.org\/{rel}","templated":true}]}}