{"id":11760,"date":"2018-04-14T22:05:42","date_gmt":"2018-04-14T22:05:42","guid":{"rendered":"https:\/\/www.sahm-splice.com\/products\/non%20class\u00e9\/no16\/"},"modified":"2025-08-07T08:48:09","modified_gmt":"2025-08-07T06:48:09","slug":"no-16","status":"publish","type":"product","link":"https:\/\/www.sahm-splice.com\/fr\/produits\/outils\/cisailles-pour-cables-acier\/no-16\/","title":{"rendered":"Cisailles pour c\u00e2bles acier \u00ab\u00a0N\u00ba. 16\u00a0\u00bb"},"content":{"rendered":"","protected":false},"excerpt":{"rendered":"<p>La composition optimale du mat\u00e9riau pour toutes les pi\u00e8ces pr\u00e9fabriqu\u00e9es ainsi que leur parfait traitement thermique garantissent la durabilit\u00e9 et l&rsquo;excellente qualit\u00e9 de coupe de tous les mod\u00e8les. Les c\u00e2bles d&rsquo;acier d&rsquo;un diam\u00e8tre sup\u00e9rieur \u00e0 ceux mentionn\u00e9s peuvent \u00e9galement \u00eatre coup\u00e9s en s\u00e9parant les torons \u00e0 l&rsquo;aide d&rsquo;un mandrin. Le syst\u00e8me de coupe triangulaire \u00e9vite l&rsquo;\u00e9crasement du bout du c\u00e2ble.<\/p>\n<ul class=\"uk-list uk-list-bullet\">\n<li>Lames et boulon en acier tremp\u00e9<\/li>\n<li>Le syst\u00e8me de coupe en triangle emp\u00eache l&rsquo;\u00e9crasement des c\u00e2bles m\u00e9talliques<\/li>\n<li>Poign\u00e9es robustes et l\u00e9g\u00e8res<\/li>\n<li>Les pi\u00e8ces d&rsquo;usure peuvent \u00eatre remplac\u00e9es<\/li>\n<\/ul>\n","protected":false},"featured_media":12326,"template":"","meta":{"wds_primary_product_brand":0,"wds_primary_product_cat":399},"product_brand":[],"product_cat":[399],"product_tag":[],"class_list":{"0":"post-11760","1":"product","2":"type-product","3":"status-publish","4":"has-post-thumbnail","6":"product_cat-cisailles-pour-cables-acier","8":"first","9":"instock","10":"shipping-taxable","11":"product-type-simple"},"_links":{"self":[{"href":"https:\/\/www.sahm-splice.com\/fr\/wp-json\/wp\/v2\/product\/11760","targetHints":{"allow":["GET"]}}],"collection":[{"href":"https:\/\/www.sahm-splice.com\/fr\/wp-json\/wp\/v2\/product"}],"about":[{"href":"https:\/\/www.sahm-splice.com\/fr\/wp-json\/wp\/v2\/types\/product"}],"wp:featuredmedia":[{"embeddable":true,"href":"https:\/\/www.sahm-splice.com\/fr\/wp-json\/wp\/v2\/media\/12326"}],"wp:attachment":[{"href":"https:\/\/www.sahm-splice.com\/fr\/wp-json\/wp\/v2\/media?parent=11760"}],"wp:term":[{"taxonomy":"product_brand","embeddable":true,"href":"https:\/\/www.sahm-splice.com\/fr\/wp-json\/wp\/v2\/product_brand?post=11760"},{"taxonomy":"product_cat","embeddable":true,"href":"https:\/\/www.sahm-splice.com\/fr\/wp-json\/wp\/v2\/product_cat?post=11760"},{"taxonomy":"product_tag","embeddable":true,"href":"https:\/\/www.sahm-splice.com\/fr\/wp-json\/wp\/v2\/product_tag?post=11760"}],"curies":[{"name":"wp","href":"https:\/\/api.w.org\/{rel}","templated":true}]}}