{"id":11763,"date":"2018-07-11T09:51:28","date_gmt":"2018-07-11T09:51:28","guid":{"rendered":"https:\/\/www.sahm-splice.com\/products\/non%20class\u00e9\/manual-wire-rope-cutter-s18\/"},"modified":"2025-06-10T14:04:32","modified_gmt":"2025-06-10T12:04:32","slug":"coupe-cable-s18","status":"publish","type":"product","link":"https:\/\/www.sahm-splice.com\/fr\/produits\/outils\/cisailles-pour-cables-acier\/coupe-cable-s18\/","title":{"rendered":"Coupe-c\u00e2ble \u00ab\u00a0S18\u00a0\u00bb"},"content":{"rendered":"","protected":false},"excerpt":{"rendered":"<p>Coupe-c\u00e2ble \u00e0 cliquet \u00e0 une main<\/p>\n<ul class=\"uk-list uk-list-bullet\">\n<li>Surface rectifi\u00e9e avec des lames en acier tremp\u00e9 sp\u00e9cial \u00e0 haut rev\u00eatement<\/li>\n<li>Les lames peuvent facilement \u00eatre lib\u00e9r\u00e9es pendant la coupe<\/li>\n<li>Coupe sans effort gr\u00e2ce \u00e0 la combinaison d&rsquo;une transmission \u00e0 cliquet et de longues poign\u00e9es<\/li>\n<\/ul>\n","protected":false},"featured_media":12576,"template":"","meta":{"wds_primary_product_brand":0,"wds_primary_product_cat":399},"product_brand":[],"product_cat":[399],"product_tag":[],"class_list":{"0":"post-11763","1":"product","2":"type-product","3":"status-publish","4":"has-post-thumbnail","6":"product_cat-cisailles-pour-cables-acier","8":"first","9":"instock","10":"shipping-taxable","11":"product-type-simple"},"_links":{"self":[{"href":"https:\/\/www.sahm-splice.com\/fr\/wp-json\/wp\/v2\/product\/11763","targetHints":{"allow":["GET"]}}],"collection":[{"href":"https:\/\/www.sahm-splice.com\/fr\/wp-json\/wp\/v2\/product"}],"about":[{"href":"https:\/\/www.sahm-splice.com\/fr\/wp-json\/wp\/v2\/types\/product"}],"wp:featuredmedia":[{"embeddable":true,"href":"https:\/\/www.sahm-splice.com\/fr\/wp-json\/wp\/v2\/media\/12576"}],"wp:attachment":[{"href":"https:\/\/www.sahm-splice.com\/fr\/wp-json\/wp\/v2\/media?parent=11763"}],"wp:term":[{"taxonomy":"product_brand","embeddable":true,"href":"https:\/\/www.sahm-splice.com\/fr\/wp-json\/wp\/v2\/product_brand?post=11763"},{"taxonomy":"product_cat","embeddable":true,"href":"https:\/\/www.sahm-splice.com\/fr\/wp-json\/wp\/v2\/product_cat?post=11763"},{"taxonomy":"product_tag","embeddable":true,"href":"https:\/\/www.sahm-splice.com\/fr\/wp-json\/wp\/v2\/product_tag?post=11763"}],"curies":[{"name":"wp","href":"https:\/\/api.w.org\/{rel}","templated":true}]}}