{"id":11772,"date":"2018-07-16T14:58:21","date_gmt":"2018-07-16T14:58:21","guid":{"rendered":"https:\/\/www.sahm-splice.com\/?post_type=product&#038;p=11772"},"modified":"2025-06-10T14:04:35","modified_gmt":"2025-06-10T12:04:35","slug":"cosses-coeurs-acier-galvanise","status":"publish","type":"product","link":"https:\/\/www.sahm-splice.com\/fr\/produits\/outils\/cosses-coeurs-acier-galvanise-outils\/cosses-coeurs-acier-galvanise\/","title":{"rendered":"Cosses Coeurs acier galvanis\u00e9"},"content":{"rendered":"","protected":false},"excerpt":{"rendered":"<p>Mat\u00e9riau: acier de construction \u00e0 faible teneur en carbon.<\/p>\n<ul class=\"uk-list uk-list-bullet\">\n<li>Utilisables pour les c\u00e2bles galvanis\u00e9s et les c\u00e2bles en fibre.<\/li>\n<li>Pour une utilisation en levage.<\/li>\n<li>Dimensions bas\u00e9es sur la norme EN13411-1.<\/li>\n<li>Disponibles dans les tailles 6 \u00e0 52 mm<\/li>\n<li>Peuvent \u00eatre utilis\u00e9es en combinaison avec nos manchons et nos serre-c\u00e2bles.<\/li>\n<\/li>\n<\/ul>\n","protected":false},"featured_media":15065,"template":"","meta":{"wds_primary_product_brand":0,"wds_primary_product_cat":400},"product_brand":[],"product_cat":[400],"product_tag":[],"class_list":{"0":"post-11772","1":"product","2":"type-product","3":"status-publish","4":"has-post-thumbnail","6":"product_cat-cosses-coeurs-acier-galvanise-outils","8":"first","9":"instock","10":"shipping-taxable","11":"product-type-simple"},"_links":{"self":[{"href":"https:\/\/www.sahm-splice.com\/fr\/wp-json\/wp\/v2\/product\/11772","targetHints":{"allow":["GET"]}}],"collection":[{"href":"https:\/\/www.sahm-splice.com\/fr\/wp-json\/wp\/v2\/product"}],"about":[{"href":"https:\/\/www.sahm-splice.com\/fr\/wp-json\/wp\/v2\/types\/product"}],"wp:featuredmedia":[{"embeddable":true,"href":"https:\/\/www.sahm-splice.com\/fr\/wp-json\/wp\/v2\/media\/15065"}],"wp:attachment":[{"href":"https:\/\/www.sahm-splice.com\/fr\/wp-json\/wp\/v2\/media?parent=11772"}],"wp:term":[{"taxonomy":"product_brand","embeddable":true,"href":"https:\/\/www.sahm-splice.com\/fr\/wp-json\/wp\/v2\/product_brand?post=11772"},{"taxonomy":"product_cat","embeddable":true,"href":"https:\/\/www.sahm-splice.com\/fr\/wp-json\/wp\/v2\/product_cat?post=11772"},{"taxonomy":"product_tag","embeddable":true,"href":"https:\/\/www.sahm-splice.com\/fr\/wp-json\/wp\/v2\/product_tag?post=11772"}],"curies":[{"name":"wp","href":"https:\/\/api.w.org\/{rel}","templated":true}]}}