{"id":11798,"date":"2018-03-21T15:30:33","date_gmt":"2018-03-21T15:30:33","guid":{"rendered":"https:\/\/www.sahm-splice.com\/products\/non%20class\u00e9\/zen-13411-3-ferrules\/"},"modified":"2025-06-10T14:04:42","modified_gmt":"2025-06-10T12:04:42","slug":"manchons-zen-13411-3","status":"publish","type":"product","link":"https:\/\/www.sahm-splice.com\/fr\/produits\/manchons\/aluminium\/manchons-zen-13411-3\/","title":{"rendered":"Manchons ZEN\u00ae 13411-3"},"content":{"rendered":"","protected":false},"excerpt":{"rendered":"<p>Manchons en aluminium conformes \u00e0 la norme DIN EN 13411-3 pour les \u00e9lingues en c\u00e2ble acier conformes \u00e0 la norme DIN EN 13414-1.<\/p>\n<ul class=\"uk-list uk-list-bullet\">\n<li>Pour les c\u00e2bles m\u00e9talliques d&rsquo;une r\u00e9sistance \u00e0 la traction maximale de 1 960 N\/mm<sup>2<\/sup><\/li>\n<li>Pour les c\u00e2bles en acier conformes \u00e0 la norme EN 12385-4<\/li>\n<li>Fabriqu\u00e9s \u00e0 partir de tubes sans soudure selon la norme DIN EN 13411-3<\/li>\n<li>Disponibles dans les tailles 2,5 &#8211; 60<\/li>\n<li>Disponibles dans les tailles 1.0 &#8211; 2.0 en dehors de la norme<\/li>\n<li>A manchonner avec nos <a href=\"https:\/\/www.sahm-splice.com\/fr\/produits\/outils\/matrices-de-manchonnage\/cylindrique\/\">matrices de manchonnage \u00ab\u00a0cylindriques\u00a0\u00bb<\/a> avec l\u00e8vres de coupe (Forme A) ou <a href=\"https:\/\/www.sahm-splice.com\/fr\/produits\/outils\/matrices-de-manchonnage\/matrices-de-manchonnage-arrondies\/\">matrices de manchonnage \u00ab\u00a0arrondies\u00a0\u00bb<\/a> (Forme B)<\/li>\n<\/ul>\n","protected":false},"featured_media":12718,"template":"","meta":{"wds_primary_product_brand":0,"wds_primary_product_cat":382},"product_brand":[],"product_cat":[382],"product_tag":[],"class_list":{"0":"post-11798","1":"product","2":"type-product","3":"status-publish","4":"has-post-thumbnail","6":"product_cat-aluminium","8":"first","9":"instock","10":"shipping-taxable","11":"product-type-simple"},"_links":{"self":[{"href":"https:\/\/www.sahm-splice.com\/fr\/wp-json\/wp\/v2\/product\/11798","targetHints":{"allow":["GET"]}}],"collection":[{"href":"https:\/\/www.sahm-splice.com\/fr\/wp-json\/wp\/v2\/product"}],"about":[{"href":"https:\/\/www.sahm-splice.com\/fr\/wp-json\/wp\/v2\/types\/product"}],"wp:featuredmedia":[{"embeddable":true,"href":"https:\/\/www.sahm-splice.com\/fr\/wp-json\/wp\/v2\/media\/12718"}],"wp:attachment":[{"href":"https:\/\/www.sahm-splice.com\/fr\/wp-json\/wp\/v2\/media?parent=11798"}],"wp:term":[{"taxonomy":"product_brand","embeddable":true,"href":"https:\/\/www.sahm-splice.com\/fr\/wp-json\/wp\/v2\/product_brand?post=11798"},{"taxonomy":"product_cat","embeddable":true,"href":"https:\/\/www.sahm-splice.com\/fr\/wp-json\/wp\/v2\/product_cat?post=11798"},{"taxonomy":"product_tag","embeddable":true,"href":"https:\/\/www.sahm-splice.com\/fr\/wp-json\/wp\/v2\/product_tag?post=11798"}],"curies":[{"name":"wp","href":"https:\/\/api.w.org\/{rel}","templated":true}]}}