{"id":11804,"date":"2018-04-09T15:58:33","date_gmt":"2018-04-09T15:58:33","guid":{"rendered":"https:\/\/www.sahm-splice.com\/products\/non%20class\u00e9\/xl-z\/"},"modified":"2025-06-10T14:04:46","modified_gmt":"2025-06-10T12:04:46","slug":"xl-z","status":"publish","type":"product","link":"https:\/\/www.sahm-splice.com\/fr\/produits\/manchons\/aluminium\/xl-z\/","title":{"rendered":"Manchons Aluminium Type XL &#038; Z"},"content":{"rendered":"","protected":false},"excerpt":{"rendered":"<p>Manchons en aluminium pour les gros c\u00e2bles m\u00e9talliques d&rsquo;un diam\u00e8tre sup\u00e9rieur au tableau de correspondance de la norme DIN EN 13411-3.<\/p>\n<ul class=\"uk-list uk-list-bullet\">\n<li>Fabriqu\u00e9s \u00e0 partir de tubes sans soudure<\/li>\n<li>Disponibles dans les tailles XL 52 &#8211; XL 90 et Z 94 + Z 102<\/li>\n<li>Pour les c\u00e2bles m\u00e9talliques d&rsquo;un diam\u00e8tre de 46 \u00e0 102 mm<\/li>\n<li>A manchonner avec nos <a href=\"https:\/\/www.sahm-splice.com\/fr\/produits\/outils\/matrices-de-manchonnage\/cylindrique\/\">matrices de manchonnage \u00ab\u00a0cylindriques\u00a0\u00bb<\/a> avec l\u00e8vres de coupe<\/li>\n<\/ul>\n","protected":false},"featured_media":12700,"template":"","meta":{"wds_primary_product_brand":0,"wds_primary_product_cat":382},"product_brand":[],"product_cat":[382],"product_tag":[],"class_list":{"0":"post-11804","1":"product","2":"type-product","3":"status-publish","4":"has-post-thumbnail","6":"product_cat-aluminium","8":"first","9":"instock","10":"shipping-taxable","11":"product-type-simple"},"_links":{"self":[{"href":"https:\/\/www.sahm-splice.com\/fr\/wp-json\/wp\/v2\/product\/11804","targetHints":{"allow":["GET"]}}],"collection":[{"href":"https:\/\/www.sahm-splice.com\/fr\/wp-json\/wp\/v2\/product"}],"about":[{"href":"https:\/\/www.sahm-splice.com\/fr\/wp-json\/wp\/v2\/types\/product"}],"wp:featuredmedia":[{"embeddable":true,"href":"https:\/\/www.sahm-splice.com\/fr\/wp-json\/wp\/v2\/media\/12700"}],"wp:attachment":[{"href":"https:\/\/www.sahm-splice.com\/fr\/wp-json\/wp\/v2\/media?parent=11804"}],"wp:term":[{"taxonomy":"product_brand","embeddable":true,"href":"https:\/\/www.sahm-splice.com\/fr\/wp-json\/wp\/v2\/product_brand?post=11804"},{"taxonomy":"product_cat","embeddable":true,"href":"https:\/\/www.sahm-splice.com\/fr\/wp-json\/wp\/v2\/product_cat?post=11804"},{"taxonomy":"product_tag","embeddable":true,"href":"https:\/\/www.sahm-splice.com\/fr\/wp-json\/wp\/v2\/product_tag?post=11804"}],"curies":[{"name":"wp","href":"https:\/\/api.w.org\/{rel}","templated":true}]}}