{"id":11811,"date":"2018-04-09T16:08:00","date_gmt":"2018-04-09T16:08:00","guid":{"rendered":"https:\/\/www.sahm-splice.com\/products\/non%20class\u00e9\/syngrip\/"},"modified":"2025-06-10T14:04:48","modified_gmt":"2025-06-10T12:04:48","slug":"syngrip","status":"publish","type":"product","link":"https:\/\/www.sahm-splice.com\/fr\/produits\/manchons\/aluminium\/syngrip\/","title":{"rendered":"Manchons Aluminium Syngrip"},"content":{"rendered":"","protected":false},"excerpt":{"rendered":"<p>Les manchons Syngrip ont \u00e9t\u00e9 sp\u00e9cialement d\u00e9velopp\u00e9s pour les c\u00e2bles synth\u00e9tiques.<\/p>\n<ul class=\"uk-list uk-list-bullet\">\n<li>Destin\u00e9s \u00e0 \u00eatre sertis sur des cordages synth\u00e9tiques<\/li>\n<li>Lors du sertissage, le manchon se d\u00e9forme vers l&rsquo;int\u00e9rieur et ne forme donc pas d&rsquo;ar\u00eates vives<\/li>\n<li>Fabriqu\u00e9s avec tubes \u00e0 soudure<\/li>\n<li>Disponibles dans les tailles 8 &#8211; 12<\/li>\n<li>A manchonner avec <a href=\"https:\/\/www.sahm-splice.com\/fr\/produits\/outils\/matrices-de-manchonnage\/matrices-de-manchonnage-speciales\/\">matrices de manchonnage \u00ab\u00a0sp\u00e9ciales\u00a0\u00bb\u00a0\u00bb<\/a> pour manchons Syngrip (sans l\u00e8vres de coupe)<\/li>\n<\/ul>\n","protected":false},"featured_media":12704,"template":"","meta":{"wds_primary_product_brand":0,"wds_primary_product_cat":382},"product_brand":[],"product_cat":[382],"product_tag":[],"class_list":{"0":"post-11811","1":"product","2":"type-product","3":"status-publish","4":"has-post-thumbnail","6":"product_cat-aluminium","8":"first","9":"instock","10":"shipping-taxable","11":"product-type-simple"},"_links":{"self":[{"href":"https:\/\/www.sahm-splice.com\/fr\/wp-json\/wp\/v2\/product\/11811","targetHints":{"allow":["GET"]}}],"collection":[{"href":"https:\/\/www.sahm-splice.com\/fr\/wp-json\/wp\/v2\/product"}],"about":[{"href":"https:\/\/www.sahm-splice.com\/fr\/wp-json\/wp\/v2\/types\/product"}],"wp:featuredmedia":[{"embeddable":true,"href":"https:\/\/www.sahm-splice.com\/fr\/wp-json\/wp\/v2\/media\/12704"}],"wp:attachment":[{"href":"https:\/\/www.sahm-splice.com\/fr\/wp-json\/wp\/v2\/media?parent=11811"}],"wp:term":[{"taxonomy":"product_brand","embeddable":true,"href":"https:\/\/www.sahm-splice.com\/fr\/wp-json\/wp\/v2\/product_brand?post=11811"},{"taxonomy":"product_cat","embeddable":true,"href":"https:\/\/www.sahm-splice.com\/fr\/wp-json\/wp\/v2\/product_cat?post=11811"},{"taxonomy":"product_tag","embeddable":true,"href":"https:\/\/www.sahm-splice.com\/fr\/wp-json\/wp\/v2\/product_tag?post=11811"}],"curies":[{"name":"wp","href":"https:\/\/api.w.org\/{rel}","templated":true}]}}