{"id":11819,"date":"2018-04-11T12:48:06","date_gmt":"2018-04-11T12:48:06","guid":{"rendered":"https:\/\/www.sahm-splice.com\/products\/non%20class\u00e9\/inox-ferrules\/"},"modified":"2025-06-10T14:04:52","modified_gmt":"2025-06-10T12:04:52","slug":"manchons-inox","status":"publish","type":"product","link":"https:\/\/www.sahm-splice.com\/fr\/produits\/manchons\/acier-inox\/manchons-inox\/","title":{"rendered":"Manchons Acier Inoxydable Type Z"},"content":{"rendered":"","protected":false},"excerpt":{"rendered":"<p>Les manchons en acier inoxydable ont \u00e9t\u00e9 sp\u00e9cialement d\u00e9velopp\u00e9s pour les c\u00e2bles m\u00e9talliques en acier inoxydable.<\/p>\n<ul class=\"uk-list uk-list-bullet\">\n<li>Pour les c\u00e2bles en acier inoxydable<\/li>\n<li>Domaines d&rsquo;application : par exemple, le yachting et l&rsquo;architecture<\/li>\n<li>Fabriqu\u00e9s \u00e0 partir de tubes sans soudure<\/li>\n<li>Disponibles dans les tailles 1 &#8211; 28<\/li>\n<li>A manchonner avec nos <a href=\"https:\/\/www.sahm-splice.com\/fr\/produits\/outils\/matrices-de-manchonnage\/cylindrique\/\">matrices de manchonnage \u00ab\u00a0cylindriques\u00a0\u00bb<\/a> sans l\u00e8vres de coupe<\/li>\n<\/ul>\n","protected":false},"featured_media":12712,"template":"","meta":{"wds_primary_product_brand":0,"wds_primary_product_cat":384},"product_brand":[],"product_cat":[384],"product_tag":[],"class_list":{"0":"post-11819","1":"product","2":"type-product","3":"status-publish","4":"has-post-thumbnail","6":"product_cat-acier-inox","8":"first","9":"instock","10":"shipping-taxable","11":"product-type-simple"},"_links":{"self":[{"href":"https:\/\/www.sahm-splice.com\/fr\/wp-json\/wp\/v2\/product\/11819","targetHints":{"allow":["GET"]}}],"collection":[{"href":"https:\/\/www.sahm-splice.com\/fr\/wp-json\/wp\/v2\/product"}],"about":[{"href":"https:\/\/www.sahm-splice.com\/fr\/wp-json\/wp\/v2\/types\/product"}],"wp:featuredmedia":[{"embeddable":true,"href":"https:\/\/www.sahm-splice.com\/fr\/wp-json\/wp\/v2\/media\/12712"}],"wp:attachment":[{"href":"https:\/\/www.sahm-splice.com\/fr\/wp-json\/wp\/v2\/media?parent=11819"}],"wp:term":[{"taxonomy":"product_brand","embeddable":true,"href":"https:\/\/www.sahm-splice.com\/fr\/wp-json\/wp\/v2\/product_brand?post=11819"},{"taxonomy":"product_cat","embeddable":true,"href":"https:\/\/www.sahm-splice.com\/fr\/wp-json\/wp\/v2\/product_cat?post=11819"},{"taxonomy":"product_tag","embeddable":true,"href":"https:\/\/www.sahm-splice.com\/fr\/wp-json\/wp\/v2\/product_tag?post=11819"}],"curies":[{"name":"wp","href":"https:\/\/api.w.org\/{rel}","templated":true}]}}