{"id":11826,"date":"2018-04-09T15:50:43","date_gmt":"2018-04-09T15:50:43","guid":{"rendered":"https:\/\/www.sahm-splice.com\/products\/non%20class\u00e9\/flemish-eye\/"},"modified":"2025-06-10T14:04:53","modified_gmt":"2025-06-10T12:04:53","slug":"oeillet-flamand","status":"publish","type":"product","link":"https:\/\/www.sahm-splice.com\/fr\/produits\/manchons\/acier\/oeillet-flamand\/","title":{"rendered":"Manchons Acier \u0152illet Flamand"},"content":{"rendered":"","protected":false},"excerpt":{"rendered":"<p>Manchons en acier pour la fabrication des \u00e9lingues \u00ab\u00a0\u0152illet Flamand\u00a0\u00bb.<\/p>\n<ul class=\"uk-list uk-list-bullet\">\n<li>Appropri\u00e9s pour une utilisation dans des environnements \u00e0 haute temp\u00e9rature (par exemple les hauts fourneaux)<\/li>\n<li>Largement utilis\u00e9s pour les applications offshores<\/li>\n<li>Disponibles dans les tailles 1\/4&Prime; &#8211; 5&Prime;.<\/li>\n<li>A manchonner avec nos <a href=\"https:\/\/www.sahm-splice.com\/fr\/produits\/outils\/matrices-de-manchonnage\/oeillet-flamand-2\/\">Matrices \u00ab\u00a0\u0152illets Flamands\u00a0\u00bb<\/a><\/li>\n<\/ul>\n","protected":false},"featured_media":12726,"template":"","meta":{"wds_primary_product_brand":0,"wds_primary_product_cat":385},"product_brand":[],"product_cat":[385],"product_tag":[],"class_list":{"0":"post-11826","1":"product","2":"type-product","3":"status-publish","4":"has-post-thumbnail","6":"product_cat-acier","8":"first","9":"instock","10":"shipping-taxable","11":"product-type-simple"},"_links":{"self":[{"href":"https:\/\/www.sahm-splice.com\/fr\/wp-json\/wp\/v2\/product\/11826","targetHints":{"allow":["GET"]}}],"collection":[{"href":"https:\/\/www.sahm-splice.com\/fr\/wp-json\/wp\/v2\/product"}],"about":[{"href":"https:\/\/www.sahm-splice.com\/fr\/wp-json\/wp\/v2\/types\/product"}],"wp:featuredmedia":[{"embeddable":true,"href":"https:\/\/www.sahm-splice.com\/fr\/wp-json\/wp\/v2\/media\/12726"}],"wp:attachment":[{"href":"https:\/\/www.sahm-splice.com\/fr\/wp-json\/wp\/v2\/media?parent=11826"}],"wp:term":[{"taxonomy":"product_brand","embeddable":true,"href":"https:\/\/www.sahm-splice.com\/fr\/wp-json\/wp\/v2\/product_brand?post=11826"},{"taxonomy":"product_cat","embeddable":true,"href":"https:\/\/www.sahm-splice.com\/fr\/wp-json\/wp\/v2\/product_cat?post=11826"},{"taxonomy":"product_tag","embeddable":true,"href":"https:\/\/www.sahm-splice.com\/fr\/wp-json\/wp\/v2\/product_tag?post=11826"}],"curies":[{"name":"wp","href":"https:\/\/api.w.org\/{rel}","templated":true}]}}