{"id":11829,"date":"2018-04-23T20:56:52","date_gmt":"2018-04-23T20:56:52","guid":{"rendered":"https:\/\/www.sahm-splice.com\/products\/non%20class\u00e9\/steel-choker-ferrules\/"},"modified":"2025-06-10T14:04:56","modified_gmt":"2025-06-10T12:04:56","slug":"manchons-acier-choker","status":"publish","type":"product","link":"https:\/\/www.sahm-splice.com\/fr\/produits\/manchons\/acier\/manchons-acier-choker\/","title":{"rendered":"Manchons Acier Choker"},"content":{"rendered":"","protected":false},"excerpt":{"rendered":"<p>Terminaisons coniques en acier pour les \u00e9lingues de type \u00ab\u00a0choker\u00a0\u00bb.<\/p>\n<ul class=\"uk-list uk-list-bullet\">\n<li>Disponibles dans les tailles 7\/16&Prime; (11 mm), 1\/2&Prime; (12-13 mm), 9\/16&Prime; (14 mm)<\/li>\n<li>Pour les c\u00e2bles m\u00e9talliques d&rsquo;un diam\u00e8tre compris entre 11 et 14 mm<\/li>\n<li>A manchonner avec nos <a href=\"https:\/\/www.sahm-splice.com\/fr\/produits\/outils\/matrices-de-manchonnage\/matrices-de-manchonnage-choker\/\">matrices \u00ab\u00a0choker\u00a0\u00bb<\/a> (un jeu de matrices pour les trois tailles)<\/li>\n<\/ul>\n","protected":false},"featured_media":13086,"template":"","meta":{"wds_primary_product_brand":0,"wds_primary_product_cat":385},"product_brand":[],"product_cat":[385],"product_tag":[],"class_list":{"0":"post-11829","1":"product","2":"type-product","3":"status-publish","4":"has-post-thumbnail","6":"product_cat-acier","8":"first","9":"instock","10":"shipping-taxable","11":"product-type-simple"},"_links":{"self":[{"href":"https:\/\/www.sahm-splice.com\/fr\/wp-json\/wp\/v2\/product\/11829","targetHints":{"allow":["GET"]}}],"collection":[{"href":"https:\/\/www.sahm-splice.com\/fr\/wp-json\/wp\/v2\/product"}],"about":[{"href":"https:\/\/www.sahm-splice.com\/fr\/wp-json\/wp\/v2\/types\/product"}],"wp:featuredmedia":[{"embeddable":true,"href":"https:\/\/www.sahm-splice.com\/fr\/wp-json\/wp\/v2\/media\/13086"}],"wp:attachment":[{"href":"https:\/\/www.sahm-splice.com\/fr\/wp-json\/wp\/v2\/media?parent=11829"}],"wp:term":[{"taxonomy":"product_brand","embeddable":true,"href":"https:\/\/www.sahm-splice.com\/fr\/wp-json\/wp\/v2\/product_brand?post=11829"},{"taxonomy":"product_cat","embeddable":true,"href":"https:\/\/www.sahm-splice.com\/fr\/wp-json\/wp\/v2\/product_cat?post=11829"},{"taxonomy":"product_tag","embeddable":true,"href":"https:\/\/www.sahm-splice.com\/fr\/wp-json\/wp\/v2\/product_tag?post=11829"}],"curies":[{"name":"wp","href":"https:\/\/api.w.org\/{rel}","templated":true}]}}