{"id":11832,"date":"2018-03-19T09:51:43","date_gmt":"2018-03-19T09:51:43","guid":{"rendered":"https:\/\/www.sahm-splice.com\/products\/non%20class\u00e9\/type-sf-140\/"},"modified":"2025-06-10T14:04:57","modified_gmt":"2025-06-10T12:04:57","slug":"type-sf-140","status":"publish","type":"product","link":"https:\/\/www.sahm-splice.com\/fr\/produits\/machines-a-couper\/type-sf-140\/","title":{"rendered":"Machine \u00e0 couper \u00e0 chaud  Type SF-140"},"content":{"rendered":"","protected":false},"excerpt":{"rendered":"<p>La machine \u00e0 couper et \u00e0 recuire type SF-140 est destin\u00e9e \u00e0 couper les c\u00e2bles m\u00e9talliques de 5 \u00e0 14 mm de diam\u00e8tre.<br \/>\n[cstm_product_headline_benefit]<\/p>\n<ul class=\"uk-list uk-list-bullet\">\n<li>Coupe simple et rapide des c\u00e2bles m\u00e9talliques de 5 \u00e0 14 mm de diam\u00e8tre<\/li>\n<li>Courte dur\u00e9e de recuit gr\u00e2ce \u00e0 un transformateur sp\u00e9cial<\/li>\n<li>Simple op\u00e9ration<\/li>\n<li>Structure compacte<\/li>\n<\/ul>\n","protected":false},"featured_media":16322,"template":"","meta":{"wds_primary_product_brand":0,"wds_primary_product_cat":390},"product_brand":[],"product_cat":[390],"product_tag":[],"class_list":{"0":"post-11832","1":"product","2":"type-product","3":"status-publish","4":"has-post-thumbnail","6":"product_cat-machines-a-couper","8":"first","9":"instock","10":"shipping-taxable","11":"product-type-simple"},"_links":{"self":[{"href":"https:\/\/www.sahm-splice.com\/fr\/wp-json\/wp\/v2\/product\/11832","targetHints":{"allow":["GET"]}}],"collection":[{"href":"https:\/\/www.sahm-splice.com\/fr\/wp-json\/wp\/v2\/product"}],"about":[{"href":"https:\/\/www.sahm-splice.com\/fr\/wp-json\/wp\/v2\/types\/product"}],"wp:featuredmedia":[{"embeddable":true,"href":"https:\/\/www.sahm-splice.com\/fr\/wp-json\/wp\/v2\/media\/16322"}],"wp:attachment":[{"href":"https:\/\/www.sahm-splice.com\/fr\/wp-json\/wp\/v2\/media?parent=11832"}],"wp:term":[{"taxonomy":"product_brand","embeddable":true,"href":"https:\/\/www.sahm-splice.com\/fr\/wp-json\/wp\/v2\/product_brand?post=11832"},{"taxonomy":"product_cat","embeddable":true,"href":"https:\/\/www.sahm-splice.com\/fr\/wp-json\/wp\/v2\/product_cat?post=11832"},{"taxonomy":"product_tag","embeddable":true,"href":"https:\/\/www.sahm-splice.com\/fr\/wp-json\/wp\/v2\/product_tag?post=11832"}],"curies":[{"name":"wp","href":"https:\/\/api.w.org\/{rel}","templated":true}]}}