{"id":11836,"date":"2018-04-14T20:24:11","date_gmt":"2018-04-14T20:24:11","guid":{"rendered":"https:\/\/www.sahm-splice.com\/products\/non%20class\u00e9\/type-1224\/"},"modified":"2025-06-10T14:04:57","modified_gmt":"2025-06-10T12:04:57","slug":"type-1224","status":"publish","type":"product","link":"https:\/\/www.sahm-splice.com\/fr\/produits\/machines-a-couper\/type-1224\/","title":{"rendered":"Machine \u00e0 couper et appointer \u00e0 chaud Type 1224"},"content":{"rendered":"","protected":false},"excerpt":{"rendered":"<p>Nos machines \u00e0 chauffer, sectionner et appointer de type 1224, 1225 et 1226, sont destin\u00e9es \u00e0 couper les c\u00e2bles m\u00e9talliques de diam\u00e8tre 4-30, 8-40 et 12-60 mm, ce qui permet d\u2019effiler les bouts des c\u00e2bles en c\u00f4ne.<br \/>\n[cstm_product_headline_benefit]<\/p>\n<ul class=\"uk-list uk-list-bullet\">\n<li>Serrage rapide et central des c\u00e2bles m\u00e9talliques de 4 \u00e0 30 mm de diam\u00e8tre sans changer la m\u00e2choire<\/li>\n<li>Temps de coupe court gr\u00e2ce \u00e0 des transformateurs sp\u00e9ciaux<\/li>\n<li>Une utilisation simple<\/li>\n<li>Modification facile de la longueur du c\u00f4ne gr\u00e2ce au r\u00e9glage fin du jeu des m\u00e2choires de serrage<\/li>\n<li>Pas de probl\u00e8me de fum\u00e9e<\/li>\n<li>Structure compacte<\/li>\n<\/ul>\n[cstm_product_opt_link]\n","protected":false},"featured_media":12287,"template":"","meta":{"wds_primary_product_brand":0,"wds_primary_product_cat":390},"product_brand":[],"product_cat":[390],"product_tag":[],"class_list":{"0":"post-11836","1":"product","2":"type-product","3":"status-publish","4":"has-post-thumbnail","6":"product_cat-machines-a-couper","8":"first","9":"instock","10":"shipping-taxable","11":"product-type-simple"},"_links":{"self":[{"href":"https:\/\/www.sahm-splice.com\/fr\/wp-json\/wp\/v2\/product\/11836","targetHints":{"allow":["GET"]}}],"collection":[{"href":"https:\/\/www.sahm-splice.com\/fr\/wp-json\/wp\/v2\/product"}],"about":[{"href":"https:\/\/www.sahm-splice.com\/fr\/wp-json\/wp\/v2\/types\/product"}],"wp:featuredmedia":[{"embeddable":true,"href":"https:\/\/www.sahm-splice.com\/fr\/wp-json\/wp\/v2\/media\/12287"}],"wp:attachment":[{"href":"https:\/\/www.sahm-splice.com\/fr\/wp-json\/wp\/v2\/media?parent=11836"}],"wp:term":[{"taxonomy":"product_brand","embeddable":true,"href":"https:\/\/www.sahm-splice.com\/fr\/wp-json\/wp\/v2\/product_brand?post=11836"},{"taxonomy":"product_cat","embeddable":true,"href":"https:\/\/www.sahm-splice.com\/fr\/wp-json\/wp\/v2\/product_cat?post=11836"},{"taxonomy":"product_tag","embeddable":true,"href":"https:\/\/www.sahm-splice.com\/fr\/wp-json\/wp\/v2\/product_tag?post=11836"}],"curies":[{"name":"wp","href":"https:\/\/api.w.org\/{rel}","templated":true}]}}