{"id":13925,"date":"2020-11-24T16:11:05","date_gmt":"2020-11-24T16:11:05","guid":{"rendered":"https:\/\/www.sahm-splice.com\/?post_type=product&#038;p=13925"},"modified":"2021-10-05T17:35:49","modified_gmt":"2021-10-05T15:35:49","slug":"cg-40","status":"publish","type":"product","link":"https:\/\/www.sahm-splice.com\/fr\/produits\/outils\/cisailles-hydrauliques-manuelle\/cg-40\/","title":{"rendered":"CG 40"},"content":{"rendered":"","protected":false},"excerpt":{"rendered":"<ul>\n<li>S\u00e9curit\u00e9 par d\u00e9clenchement en cas de surcharge<\/li>\n<li>Possibilit\u00e9 d\u2019approche rapide par pompage d\u2019une seule main<\/li>\n<li>Levier de d\u00e9charge prot\u00e9g\u00e9 (entre les poign\u00e9es)<\/li>\n<li>Manoeuvrable par droitier ou gaucher<\/li>\n<li>T\u00eate \u00e0 ouverture et fermeture rapide, rotative \u00e0 340\u00b0<\/li>\n<\/ul>\n","protected":false},"featured_media":13852,"template":"","meta":{"wds_primary_product_brand":0,"wds_primary_product_cat":411},"product_brand":[],"product_cat":[411],"product_tag":[],"class_list":{"0":"post-13925","1":"product","2":"type-product","3":"status-publish","4":"has-post-thumbnail","6":"product_cat-cisailles-hydrauliques-manuelle","8":"first","9":"instock","10":"shipping-taxable","11":"product-type-simple"},"_links":{"self":[{"href":"https:\/\/www.sahm-splice.com\/fr\/wp-json\/wp\/v2\/product\/13925","targetHints":{"allow":["GET"]}}],"collection":[{"href":"https:\/\/www.sahm-splice.com\/fr\/wp-json\/wp\/v2\/product"}],"about":[{"href":"https:\/\/www.sahm-splice.com\/fr\/wp-json\/wp\/v2\/types\/product"}],"wp:featuredmedia":[{"embeddable":true,"href":"https:\/\/www.sahm-splice.com\/fr\/wp-json\/wp\/v2\/media\/13852"}],"wp:attachment":[{"href":"https:\/\/www.sahm-splice.com\/fr\/wp-json\/wp\/v2\/media?parent=13925"}],"wp:term":[{"taxonomy":"product_brand","embeddable":true,"href":"https:\/\/www.sahm-splice.com\/fr\/wp-json\/wp\/v2\/product_brand?post=13925"},{"taxonomy":"product_cat","embeddable":true,"href":"https:\/\/www.sahm-splice.com\/fr\/wp-json\/wp\/v2\/product_cat?post=13925"},{"taxonomy":"product_tag","embeddable":true,"href":"https:\/\/www.sahm-splice.com\/fr\/wp-json\/wp\/v2\/product_tag?post=13925"}],"curies":[{"name":"wp","href":"https:\/\/api.w.org\/{rel}","templated":true}]}}