{"id":13939,"date":"2020-11-24T19:48:33","date_gmt":"2020-11-24T19:48:33","guid":{"rendered":"https:\/\/www.sahm-splice.com\/?post_type=product&#038;p=13939"},"modified":"2021-10-05T17:33:14","modified_gmt":"2021-10-05T15:33:14","slug":"c-130","status":"publish","type":"product","link":"https:\/\/www.sahm-splice.com\/fr\/produits\/outils\/presses-mobiles-de-manchonnage\/c-130\/","title":{"rendered":"C 130"},"content":{"rendered":"","protected":false},"excerpt":{"rendered":"<ul>\n<li>T\u00eate \u00e0 ouverture et fermeture rapide, rotative \u00e0 180\u00b0.<\/li>\n<li>Manchonnage en une seule passe jusqu\u2019au manchon n\u00b05.<\/li>\n<li>D\u00e9clenchement automatique avec \u00abclic\u00bb audible lorsque la force de 130 kN est atteinte.<\/li>\n<\/ul>\n","protected":false},"featured_media":13879,"template":"","meta":{"wds_primary_product_brand":0,"wds_primary_product_cat":416},"product_brand":[],"product_cat":[416],"product_tag":[],"class_list":{"0":"post-13939","1":"product","2":"type-product","3":"status-publish","4":"has-post-thumbnail","6":"product_cat-presses-mobiles-de-manchonnage","8":"first","9":"instock","10":"shipping-taxable","11":"product-type-simple"},"_links":{"self":[{"href":"https:\/\/www.sahm-splice.com\/fr\/wp-json\/wp\/v2\/product\/13939","targetHints":{"allow":["GET"]}}],"collection":[{"href":"https:\/\/www.sahm-splice.com\/fr\/wp-json\/wp\/v2\/product"}],"about":[{"href":"https:\/\/www.sahm-splice.com\/fr\/wp-json\/wp\/v2\/types\/product"}],"wp:featuredmedia":[{"embeddable":true,"href":"https:\/\/www.sahm-splice.com\/fr\/wp-json\/wp\/v2\/media\/13879"}],"wp:attachment":[{"href":"https:\/\/www.sahm-splice.com\/fr\/wp-json\/wp\/v2\/media?parent=13939"}],"wp:term":[{"taxonomy":"product_brand","embeddable":true,"href":"https:\/\/www.sahm-splice.com\/fr\/wp-json\/wp\/v2\/product_brand?post=13939"},{"taxonomy":"product_cat","embeddable":true,"href":"https:\/\/www.sahm-splice.com\/fr\/wp-json\/wp\/v2\/product_cat?post=13939"},{"taxonomy":"product_tag","embeddable":true,"href":"https:\/\/www.sahm-splice.com\/fr\/wp-json\/wp\/v2\/product_tag?post=13939"}],"curies":[{"name":"wp","href":"https:\/\/api.w.org\/{rel}","templated":true}]}}